{"id":2889,"date":"2023-04-18T18:00:50","date_gmt":"2023-04-18T16:00:50","guid":{"rendered":"https:\/\/feel-well.ch\/partenariats\/"},"modified":"2024-04-27T23:42:29","modified_gmt":"2024-04-27T21:42:29","slug":"partnerschaften","status":"publish","type":"page","link":"https:\/\/feel-well.ch\/de\/partnerschaften\/","title":{"rendered":"Partnerschaften"},"content":{"rendered":"\n<figure class=\"wp-block-image size-full  \"><img loading=\"lazy\" decoding=\"async\" width=\"2060\" height=\"570\" src=\"https:\/\/feel-well.ch\/wp-content\/uploads\/2023\/05\/feel-well-partenariats-bandeau@2x.jpg\" alt=\"Feel Well Partenariats Bandeau\" class=\"wp-image-155\" srcset=\"https:\/\/feel-well.ch\/wp-content\/uploads\/2023\/05\/feel-well-partenariats-bandeau@2x.jpg 2060w, https:\/\/feel-well.ch\/wp-content\/uploads\/2023\/05\/feel-well-partenariats-bandeau@2x-300x83.jpg 300w, https:\/\/feel-well.ch\/wp-content\/uploads\/2023\/05\/feel-well-partenariats-bandeau@2x-1024x283.jpg 1024w, https:\/\/feel-well.ch\/wp-content\/uploads\/2023\/05\/feel-well-partenariats-bandeau@2x-768x213.jpg 768w, https:\/\/feel-well.ch\/wp-content\/uploads\/2023\/05\/feel-well-partenariats-bandeau@2x-1536x425.jpg 1536w, https:\/\/feel-well.ch\/wp-content\/uploads\/2023\/05\/feel-well-partenariats-bandeau@2x-2048x567.jpg 2048w, https:\/\/feel-well.ch\/wp-content\/uploads\/2023\/05\/feel-well-partenariats-bandeau@2x-1648x456.jpg 1648w\" sizes=\"(max-width: 2060px) 100vw, 2060px\" \/><\/figure>\n\n\n\n<h2 class=\"wp-block-heading c-heading is-style-normal  \">Sie m\u00f6chten von einer Ver\u00f6ffentlichung auf unserer Plattform profitieren, um bei einem Zielpublikum, das sich mit Wellness besch\u00e4ftigt, sichtbar zu sein?<\/h2>\n\n\n\n<p class=\"\">In den kommenden Jahren wird es aufgrund des neuen Datenschutzgesetzes und der Nutzerrichtlinien in Bezug auf Cookies immer komplexer werden, sehr gezielte Werbung zu machen. Unsere Plattform bietet Ihnen daher eine einzigartige M\u00f6glichkeit, ein Publikum von Personen zu erreichen, die sich f\u00fcr Wellness interessieren.<\/p>\n\n\n\n<p class=\"\">Machen Sie sich bei unserem Publikum durch Artikel \u00fcber Ihre Marken, Werbekampagnen, Videoreportagen, unser Verzeichnis oder die Pr\u00e4sentation Ihrer Produkte bekannt.<\/p>\n\n\n\n<p class=\"\"><strong><em>F\u00fcr weitere Informationen z\u00f6gern Sie nicht, uns \u00fcber das untenstehende Formular zu kontaktieren.<\/em><\/strong><\/p>\n\n\n\n<div class=\"wp-block-contact-form-7-contact-form-selector  \">\n<div class=\"wpcf7 no-js\" id=\"wpcf7-f2418-o1\" lang=\"fr-FR\" dir=\"ltr\" data-wpcf7-id=\"2418\">\n<div class=\"screen-reader-response\"><p role=\"status\" aria-live=\"polite\" aria-atomic=\"true\"><\/p> <ul><\/ul><\/div>\n<form action=\"\/de\/wp-json\/wp\/v2\/pages\/2889#wpcf7-f2418-o1\" method=\"post\" class=\"wpcf7-form init\" aria-label=\"Formulaire de contact\" novalidate=\"novalidate\" data-status=\"init\">\n<fieldset class=\"hidden-fields-container\"><input type=\"hidden\" name=\"_wpcf7\" value=\"2418\" \/><input type=\"hidden\" name=\"_wpcf7_version\" value=\"6.1.5\" \/><input type=\"hidden\" name=\"_wpcf7_locale\" value=\"fr_FR\" \/><input type=\"hidden\" name=\"_wpcf7_unit_tag\" value=\"wpcf7-f2418-o1\" \/><input type=\"hidden\" name=\"_wpcf7_container_post\" value=\"0\" \/><input type=\"hidden\" name=\"_wpcf7_posted_data_hash\" value=\"\" \/><input type=\"hidden\" name=\"_wpcf7_recaptcha_response\" value=\"\" \/><input type=\"hidden\" name=\"_hf_wp_captcha\" value=\"\" \/>\n<\/fieldset>\n<p><span class=\"wpcf7-form-control-wrap\" data-name=\"your-name\"><input size=\"40\" maxlength=\"400\" class=\"wpcf7-form-control wpcf7-text wpcf7-validates-as-required\" autocomplete=\"name\" aria-required=\"true\" aria-invalid=\"false\" placeholder=\"Unternehmen*\" value=\"\" type=\"text\" name=\"your-name\" \/><\/span>\n<\/p>\n<div class=\"is-layout-flex flex\">\n\t<div>\n\t\t<p><span class=\"wpcf7-form-control-wrap\" data-name=\"your-email\"><input size=\"40\" maxlength=\"400\" class=\"wpcf7-form-control wpcf7-email wpcf7-validates-as-required wpcf7-text wpcf7-validates-as-email\" aria-required=\"true\" aria-invalid=\"false\" placeholder=\"E-Mail*\" value=\"\" type=\"email\" name=\"your-email\" \/><\/span>\n\t\t<\/p>\n\t<\/div>\n\t<div>\n\t\t<p><span class=\"wpcf7-form-control-wrap\" data-name=\"your-phone\"><input size=\"40\" maxlength=\"400\" class=\"wpcf7-form-control wpcf7-tel wpcf7-validates-as-required wpcf7-text wpcf7-validates-as-tel\" aria-required=\"true\" aria-invalid=\"false\" placeholder=\"Telefon*\" value=\"\" type=\"tel\" name=\"your-phone\" \/><\/span>\n\t\t<\/p>\n\t<\/div>\n<\/div>\n<p><span class=\"wpcf7-form-control-wrap\" data-name=\"your-message\"><textarea cols=\"40\" rows=\"5\" maxlength=\"2000\" class=\"wpcf7-form-control wpcf7-textarea\" aria-invalid=\"false\" placeholder=\"Nachricht\" name=\"your-message\"><\/textarea><\/span>\n<\/p>\n<p><span class=\"wpcf7-form-control-wrap\" data-name=\"accept-new-post\"><span class=\"wpcf7-form-control wpcf7-checkbox\"><span class=\"wpcf7-list-item first last\"><label><input type=\"checkbox\" name=\"accept-new-post[]\" value=\"Ich bin damit einverstanden, Angebote zu erhalten, die den Partnern von Feel Well gewidmet sind.\" \/><span class=\"wpcf7-list-item-label\">Ich bin damit einverstanden, Angebote zu erhalten, die den Partnern von Feel Well gewidmet sind.<\/span><\/label><\/span><\/span><\/span>\n<\/p>\n<div class=\"has-text-align-right\">\n\t<p><input class=\"wpcf7-form-control wpcf7-submit has-spinner\" type=\"submit\" value=\"Senden Sie\" \/>\n\t<\/p>\n<\/div><div class=\"wpcf7-response-output\" aria-hidden=\"true\"><\/div>\n<\/form>\n<\/div>\n<\/div>\n","protected":false},"excerpt":{"rendered":"<p>Sie m\u00f6chten von einer Ver\u00f6ffentlichung auf unserer Plattform profitieren, um bei einem Zielpublikum, das sich mit Wellness besch\u00e4ftigt, sichtbar zu sein? In den kommenden Jahren wird es aufgrund des neuen Datenschutzgesetzes und der Nutzerrichtlinien in Bezug auf Cookies immer komplexer&hellip;<\/p>\n","protected":false},"author":1,"featured_media":0,"parent":0,"menu_order":0,"comment_status":"open","ping_status":"open","template":"","meta":{"_acf_changed":false,"_habefastfse_class":"","footnotes":""},"class_list":["post-2889","page","type-page","status-publish","hentry"],"acf":[],"yoast_head":"<!-- This site is optimized with the Yoast SEO plugin v27.3 - https:\/\/yoast.com\/product\/yoast-seo-wordpress\/ -->\n<title>Partnerschaften, profitieren Sie von einer besseren Sichtbarkeit | Feel-Well<\/title>\n<meta name=\"description\" content=\"Partnerschaften - Sie m\u00f6chten von einer Ver\u00f6ffentlichung auf unserer Plattform profitieren, um bei einem Zielpublikum, das sich mit Wellness besch\u00e4ftigt, sichtbar zu sein?\" \/>\n<meta name=\"robots\" content=\"index, follow, max-snippet:-1, max-image-preview:large, max-video-preview:-1\" \/>\n<link rel=\"canonical\" href=\"https:\/\/feel-well.ch\/de\/partnerschaften\/\" \/>\n<meta property=\"og:locale\" content=\"de_DE\" \/>\n<meta property=\"og:type\" content=\"article\" \/>\n<meta property=\"og:title\" content=\"Partnerschaften, profitieren Sie von einer besseren Sichtbarkeit | Feel-Well\" \/>\n<meta property=\"og:description\" content=\"Partnerschaften - Sie m\u00f6chten von einer Ver\u00f6ffentlichung auf unserer Plattform profitieren, um bei einem Zielpublikum, das sich mit Wellness besch\u00e4ftigt, sichtbar zu sein?\" \/>\n<meta property=\"og:url\" content=\"https:\/\/feel-well.ch\/de\/partnerschaften\/\" \/>\n<meta property=\"og:site_name\" content=\"Feel Well\" \/>\n<meta property=\"article:modified_time\" content=\"2024-04-27T21:42:29+00:00\" \/>\n<meta property=\"og:image\" content=\"https:\/\/feel-well.ch\/wp-content\/uploads\/2023\/05\/feel-well-partenariats-bandeau@2x.jpg\" \/>\n<meta name=\"twitter:card\" content=\"summary_large_image\" \/>\n<meta name=\"twitter:label1\" content=\"Gesch\u00e4tzte Lesezeit\" \/>\n\t<meta name=\"twitter:data1\" content=\"1\u00a0Minute\" \/>\n<script type=\"application\/ld+json\" class=\"yoast-schema-graph\">{\"@context\":\"https:\\\/\\\/schema.org\",\"@graph\":[{\"@type\":\"WebPage\",\"@id\":\"https:\\\/\\\/feel-well.ch\\\/de\\\/partnerschaften\\\/\",\"url\":\"https:\\\/\\\/feel-well.ch\\\/de\\\/partnerschaften\\\/\",\"name\":\"Partnerschaften, profitieren Sie von einer besseren Sichtbarkeit | Feel-Well\",\"isPartOf\":{\"@id\":\"https:\\\/\\\/feel-well.ch\\\/de\\\/#website\"},\"primaryImageOfPage\":{\"@id\":\"https:\\\/\\\/feel-well.ch\\\/de\\\/partnerschaften\\\/#primaryimage\"},\"image\":{\"@id\":\"https:\\\/\\\/feel-well.ch\\\/de\\\/partnerschaften\\\/#primaryimage\"},\"thumbnailUrl\":\"https:\\\/\\\/feel-well.ch\\\/wp-content\\\/uploads\\\/2023\\\/05\\\/feel-well-partenariats-bandeau@2x.jpg\",\"datePublished\":\"2023-04-18T16:00:50+00:00\",\"dateModified\":\"2024-04-27T21:42:29+00:00\",\"description\":\"Partnerschaften - Sie m\u00f6chten von einer Ver\u00f6ffentlichung auf unserer Plattform profitieren, um bei einem Zielpublikum, das sich mit Wellness besch\u00e4ftigt, sichtbar zu sein?\",\"breadcrumb\":{\"@id\":\"https:\\\/\\\/feel-well.ch\\\/de\\\/partnerschaften\\\/#breadcrumb\"},\"inLanguage\":\"de\",\"potentialAction\":[{\"@type\":\"ReadAction\",\"target\":[\"https:\\\/\\\/feel-well.ch\\\/de\\\/partnerschaften\\\/\"]}]},{\"@type\":\"ImageObject\",\"inLanguage\":\"de\",\"@id\":\"https:\\\/\\\/feel-well.ch\\\/de\\\/partnerschaften\\\/#primaryimage\",\"url\":\"https:\\\/\\\/feel-well.ch\\\/wp-content\\\/uploads\\\/2023\\\/05\\\/feel-well-partenariats-bandeau@2x.jpg\",\"contentUrl\":\"https:\\\/\\\/feel-well.ch\\\/wp-content\\\/uploads\\\/2023\\\/05\\\/feel-well-partenariats-bandeau@2x.jpg\"},{\"@type\":\"BreadcrumbList\",\"@id\":\"https:\\\/\\\/feel-well.ch\\\/de\\\/partnerschaften\\\/#breadcrumb\",\"itemListElement\":[{\"@type\":\"ListItem\",\"position\":1,\"name\":\"Accueil\",\"item\":\"https:\\\/\\\/feel-well.ch\\\/de\\\/\"},{\"@type\":\"ListItem\",\"position\":2,\"name\":\"Partnerschaften\"}]},{\"@type\":\"WebSite\",\"@id\":\"https:\\\/\\\/feel-well.ch\\\/de\\\/#website\",\"url\":\"https:\\\/\\\/feel-well.ch\\\/de\\\/\",\"name\":\"Feel Well\",\"description\":\"\",\"potentialAction\":[{\"@type\":\"SearchAction\",\"target\":{\"@type\":\"EntryPoint\",\"urlTemplate\":\"https:\\\/\\\/feel-well.ch\\\/de\\\/?s={search_term_string}\"},\"query-input\":{\"@type\":\"PropertyValueSpecification\",\"valueRequired\":true,\"valueName\":\"search_term_string\"}}],\"inLanguage\":\"de\"}]}<\/script>\n<!-- \/ Yoast SEO plugin. -->","yoast_head_json":{"title":"Partnerschaften, profitieren Sie von einer besseren Sichtbarkeit | Feel-Well","description":"Partnerschaften - Sie m\u00f6chten von einer Ver\u00f6ffentlichung auf unserer Plattform profitieren, um bei einem Zielpublikum, das sich mit Wellness besch\u00e4ftigt, sichtbar zu sein?","robots":{"index":"index","follow":"follow","max-snippet":"max-snippet:-1","max-image-preview":"max-image-preview:large","max-video-preview":"max-video-preview:-1"},"canonical":"https:\/\/feel-well.ch\/de\/partnerschaften\/","og_locale":"de_DE","og_type":"article","og_title":"Partnerschaften, profitieren Sie von einer besseren Sichtbarkeit | Feel-Well","og_description":"Partnerschaften - Sie m\u00f6chten von einer Ver\u00f6ffentlichung auf unserer Plattform profitieren, um bei einem Zielpublikum, das sich mit Wellness besch\u00e4ftigt, sichtbar zu sein?","og_url":"https:\/\/feel-well.ch\/de\/partnerschaften\/","og_site_name":"Feel Well","article_modified_time":"2024-04-27T21:42:29+00:00","og_image":[{"url":"https:\/\/feel-well.ch\/wp-content\/uploads\/2023\/05\/feel-well-partenariats-bandeau@2x.jpg","type":"","width":"","height":""}],"twitter_card":"summary_large_image","twitter_misc":{"Gesch\u00e4tzte Lesezeit":"1\u00a0Minute"},"schema":{"@context":"https:\/\/schema.org","@graph":[{"@type":"WebPage","@id":"https:\/\/feel-well.ch\/de\/partnerschaften\/","url":"https:\/\/feel-well.ch\/de\/partnerschaften\/","name":"Partnerschaften, profitieren Sie von einer besseren Sichtbarkeit | Feel-Well","isPartOf":{"@id":"https:\/\/feel-well.ch\/de\/#website"},"primaryImageOfPage":{"@id":"https:\/\/feel-well.ch\/de\/partnerschaften\/#primaryimage"},"image":{"@id":"https:\/\/feel-well.ch\/de\/partnerschaften\/#primaryimage"},"thumbnailUrl":"https:\/\/feel-well.ch\/wp-content\/uploads\/2023\/05\/feel-well-partenariats-bandeau@2x.jpg","datePublished":"2023-04-18T16:00:50+00:00","dateModified":"2024-04-27T21:42:29+00:00","description":"Partnerschaften - Sie m\u00f6chten von einer Ver\u00f6ffentlichung auf unserer Plattform profitieren, um bei einem Zielpublikum, das sich mit Wellness besch\u00e4ftigt, sichtbar zu sein?","breadcrumb":{"@id":"https:\/\/feel-well.ch\/de\/partnerschaften\/#breadcrumb"},"inLanguage":"de","potentialAction":[{"@type":"ReadAction","target":["https:\/\/feel-well.ch\/de\/partnerschaften\/"]}]},{"@type":"ImageObject","inLanguage":"de","@id":"https:\/\/feel-well.ch\/de\/partnerschaften\/#primaryimage","url":"https:\/\/feel-well.ch\/wp-content\/uploads\/2023\/05\/feel-well-partenariats-bandeau@2x.jpg","contentUrl":"https:\/\/feel-well.ch\/wp-content\/uploads\/2023\/05\/feel-well-partenariats-bandeau@2x.jpg"},{"@type":"BreadcrumbList","@id":"https:\/\/feel-well.ch\/de\/partnerschaften\/#breadcrumb","itemListElement":[{"@type":"ListItem","position":1,"name":"Accueil","item":"https:\/\/feel-well.ch\/de\/"},{"@type":"ListItem","position":2,"name":"Partnerschaften"}]},{"@type":"WebSite","@id":"https:\/\/feel-well.ch\/de\/#website","url":"https:\/\/feel-well.ch\/de\/","name":"Feel Well","description":"","potentialAction":[{"@type":"SearchAction","target":{"@type":"EntryPoint","urlTemplate":"https:\/\/feel-well.ch\/de\/?s={search_term_string}"},"query-input":{"@type":"PropertyValueSpecification","valueRequired":true,"valueName":"search_term_string"}}],"inLanguage":"de"}]}},"_links":{"self":[{"href":"https:\/\/feel-well.ch\/de\/wp-json\/wp\/v2\/pages\/2889","targetHints":{"allow":["GET"]}}],"collection":[{"href":"https:\/\/feel-well.ch\/de\/wp-json\/wp\/v2\/pages"}],"about":[{"href":"https:\/\/feel-well.ch\/de\/wp-json\/wp\/v2\/types\/page"}],"author":[{"embeddable":true,"href":"https:\/\/feel-well.ch\/de\/wp-json\/wp\/v2\/users\/1"}],"replies":[{"embeddable":true,"href":"https:\/\/feel-well.ch\/de\/wp-json\/wp\/v2\/comments?post=2889"}],"version-history":[{"count":1,"href":"https:\/\/feel-well.ch\/de\/wp-json\/wp\/v2\/pages\/2889\/revisions"}],"predecessor-version":[{"id":2899,"href":"https:\/\/feel-well.ch\/de\/wp-json\/wp\/v2\/pages\/2889\/revisions\/2899"}],"wp:attachment":[{"href":"https:\/\/feel-well.ch\/de\/wp-json\/wp\/v2\/media?parent=2889"}],"curies":[{"name":"wp","href":"https:\/\/api.w.org\/{rel}","templated":true}]}}