{"id":2911,"date":"2023-05-08T15:53:05","date_gmt":"2023-05-08T13:53:05","guid":{"rendered":"https:\/\/feel-well.ch\/politik-zum-schutz-persoenlicher-daten\/"},"modified":"2024-04-27T23:56:45","modified_gmt":"2024-04-27T21:56:45","slug":"politik-zum-schutz-persoenlicher-daten","status":"publish","type":"page","link":"https:\/\/feel-well.ch\/de\/politik-zum-schutz-persoenlicher-daten\/","title":{"rendered":"Politik zum Schutz pers\u00f6nlicher Daten"},"content":{"rendered":"\n<p class=\"\">Habefast Group S\u00e0rl ist um den Schutz und die Vertraulichkeit pers\u00f6nlicher Daten bem\u00fcht und verpflichtet sich, in \u00dcbereinstimmung mit den geltenden Datenschutzbestimmungen (nLPD) das h\u00f6chste Schutzniveau f\u00fcr Ihre pers\u00f6nlichen Daten zu gew\u00e4hrleisten.<\/p>\n\n<p class=\"\">Diese Datenschutzrichtlinie soll Sie \u00fcber die praktischen Ma\u00dfnahmen und Verpflichtungen informieren, die Habefast Group S\u00e0rl ergreift, um sicherzustellen, dass Ihre pers\u00f6nlichen Daten bei der Nutzung unserer Dienstleistungen respektiert und gesch\u00fctzt werden.<\/p>\n\n<p class=\"\">Sie gilt f\u00fcr alle Dienste (Webanwendungen, mobile Anwendungen, Kontaktdienste usw.), die von Habefast Group S\u00e0rl \u00fcber die verschiedenen Websites und Anwendungen herausgegeben und bereitgestellt werden. Sie betrifft alle Besucher unserer Websites und Nutzer unserer Dienste. Die Begriffe &#8222;wir&#8220; und &#8222;uns&#8220; beziehen sich auf Habefast Group S\u00e0rl und die von uns angebotenen Dienstleistungen.<\/p>\n\n<p class=\"\">Die Begriffe &#8222;Sie&#8220; und &#8222;Ihr\/Ihre&#8220; beziehen sich auf alle Nutzer unserer Dienste oder Besucher unserer Webseiten oder Anwendungen.<\/p>\n\n<p class=\"\">Die Charta gilt zus\u00e4tzlich zu den Bestimmungen der Allgemeinen Gesch\u00e4ftsbedingungen f\u00fcr die Nutzung der Dienste und der Allgemeinen Gesch\u00e4ftsbedingungen f\u00fcr den Verkauf der Dienste, sofern solche bestehen.<\/p>\n\n<h2 class=\"c-heading wp-block-heading is-style-normal  \" style=\"text-transform:uppercase\">Gesammelte Daten<\/h2>\n\n<p class=\"\">Habefast Group S\u00e0rl stellt sicher, dass nur solche pers\u00f6nlichen Daten verarbeitet werden, die f\u00fcr die oben beschriebenen Zwecke unbedingt erforderlich sind. Zus\u00e4tzlich zu den f\u00fcr die Kontaktaufnahme notwendigen Informationen (wie z.B. Vor- und Nachname, E-Mail-Adresse, usw.) werden Sie nur um Informationen \u00fcber Ihre Fachkenntnisse, Kompetenzen und beruflichen Perspektiven gebeten.<\/p>\n\n<h3 class=\"c-heading wp-block-heading is-style-normal  \">Die Daten, die Sie uns zur Verf\u00fcgung stellen<\/h3>\n\n<p class=\"\">Die Daten, die wir verarbeiten, sind in erster Linie die Daten, die Sie uns \u00fcber unsere Anmeldeformulare zur Verf\u00fcgung stellen. Dies sind Ihre Identifikationsdaten, Ihre Kontaktdaten.<\/p>\n\n<p class=\"\">Sie werden bei der Erhebung der Daten durch eine entsprechende Meldung darauf hingewiesen, dass die erhobenen Daten obligatorisch sind. Die Angabe bestimmter Daten ist nur dann obligatorisch, wenn dies f\u00fcr die Bearbeitung Ihrer Anfrage erforderlich ist, damit wir Ihre Anfrage angemessen beantworten k\u00f6nnen.<\/p>\n\n<p class=\"\">Wenn die obligatorischen Daten nicht ausgef\u00fcllt werden, k\u00f6nnen wir die von Ihnen gew\u00fcnschte Dienstleistung nicht erbringen.<\/p>\n\n<p class=\"\">Wir verarbeiten auch Daten, die Sie auf unsere Websites und Anwendungen hochladen (&#8222;uploaden&#8220;). Wir fragen niemals nach sogenannten sensiblen Informationen (rassische oder ethnische Informationen, politische Meinungen, religi\u00f6se oder philosophische Meinungen, Gewerkschaftszugeh\u00f6rigkeit, Gesundheit, sexuelle Orientierung). Wir raten Ihnen davon ab, solche Daten bei der Nutzung unserer Dienste anzugeben.<\/p>\n\n<h3 class=\"c-heading wp-block-heading is-style-normal  \">Daten \u00fcber die Nutzung unserer Dienste<\/h3>\n\n<p class=\"\">Wir erstellen auch Ihr Profil auf der Grundlage Ihrer Nutzung und Navigation auf unseren Websites und Anwendungen. Dazu geh\u00f6ren die IP-Adresse oder die verwendeten Verbindungsger\u00e4te, Ihre Navigationsdaten, Cookie-Daten (siehe Abschnitt Cookies weiter unten), der Verlauf der Kontaktaufnahme, die Branche, f\u00fcr die Sie sich interessieren, die von uns gesendeten Nachrichten und die von Ihnen angeklickten Links, die besuchten Schulungen, die Anzahl unserer Seitenaufrufe, die Anzahl der Besuche auf unseren Seiten sowie die Aktivit\u00e4ten der Besucher auf diesen Seiten und die H\u00e4ufigkeit ihrer R\u00fcckkehr (siehe Abschnitt Daten Dritter weiter unten).<\/p>\n\n<h3 class=\"c-heading wp-block-heading is-style-normal  \">Daten von Dritten<\/h3>\n\n<p class=\"\">Wir erhalten pers\u00f6nliche Daten \u00fcber Sie, wenn Sie die Kontaktformulare auf unserer Website verwenden. Unser Ziel ist es, besser zu verstehen, wie unsere Websites und Anwendungen genutzt werden, und unsere Besucherzahlen und die Effektivit\u00e4t unserer Dienste zu messen, um sie besser an Ihre Bed\u00fcrfnisse anzupassen. Wir sammeln keine Daten von Dritten, die Sie auf Partnerseiten von Dritten schreiben oder verbreiten k\u00f6nnten.<\/p>\n\n<h2 class=\"c-heading wp-block-heading is-style-normal  \" style=\"text-transform:uppercase\">Empf\u00e4nger der gesammelten Daten<\/h2>\n\n<p class=\"\">Ihre personenbezogenen Daten werden nur von Personen verwendet, die f\u00fcr die in dieser Datenschutzrichtlinie beschriebenen Zwecke identifiziert und befugt sind. Habefast Group S\u00e0rl wird Ihre pers\u00f6nlichen Daten niemals an Dritte f\u00fcr Zwecke weitergeben, die nichts mit diesen Zwecken zu tun haben.<\/p>\n\n<p class=\"\">Daher werden Ihre Daten nur an die unten aufgef\u00fchrten Kategorien von Personen weitergegeben:  <\/p>\n\n<ul class=\"c-list wp-block-list\">\n<li class=\"\">Autorisierte Dienstleistungen von Habefast Group S\u00e0rl (Team f\u00fcr die technische Umsetzung, Team f\u00fcr die Pflege der Kundenbeziehungen)<\/li>\n\n\n\n<li class=\"\">Unsere technischen Dienstleister: Hosting, Extraktionsdienst f\u00fcr unformatierte Daten, E-Mail-Dienst, Dienstleister f\u00fcr Audit und IT-Sicherheit<\/li>\n<\/ul>\n\n<h2 class=\"c-heading wp-block-heading is-style-normal  \" style=\"text-transform:uppercase\">Sicherheit der gesammelten Daten<\/h2>\n\n<p class=\"\">Habefast Group S\u00e0rl verpflichtet sich zu einer angemessenen Sicherheitspolitik, die sich in einer logischen und materiellen Sicherheitspolitik und Sicherheitsma\u00dfnahmen niederschl\u00e4gt, die speziell auf unsere Aktivit\u00e4ten zugeschnitten sind. Innerhalb unserer Infrastruktur werden verschiedene Audits durchgef\u00fchrt.<\/p>\n\n<p class=\"\">Die technischen Teams von Habefast Group S\u00e0rl sind f\u00fcr die DSGVO sensibilisiert und der Schutz pers\u00f6nlicher Daten ist bei der Entwicklung und dem Betrieb von Anwendungen allgegenw\u00e4rtig.<\/p>\n\n<p class=\"\">Die folgenden Prinzipien bestimmen die Entwicklung der Websites und Anwendungen, sowohl in Bezug auf die technische Infrastruktur (redundante, sichere Unterbringung, Sicherheits- und Zugangskontrollpolitik) als auch in Bezug auf die Anwendungen (Entwicklung der Websites und Anwendungen):<\/p>\n\n<ul class=\"c-list wp-block-list\">\n<li class=\"\">Sichere Datenerfassung  <\/li>\n\n\n\n<li class=\"\">Speicherung, die die Integrit\u00e4t und Vertraulichkeit der Daten gew\u00e4hrleistet  <\/li>\n\n\n\n<li class=\"\">Sicherung von Entwicklungsumgebungen  <\/li>\n\n\n\n<li class=\"\">Sicherung des Zugangs zu Daten  <\/li>\n\n\n\n<li class=\"\">Regelm\u00e4\u00dfige Schulungen unserer technischen Teams  <\/li>\n\n\n\n<li class=\"\">Freiwillige Beschr\u00e4nkung der Untervergabe (Infrastruktur, Dienstleistungen und Entwicklung) und Intervention mit anonymisierten Testdatens\u00e4tzen.<\/li>\n<\/ul>\n\n<h2 class=\"c-heading wp-block-heading is-style-normal  \" style=\"text-transform:uppercase\">Ihre Rechte<\/h2>\n\n<p class=\"\">Gem\u00e4\u00df den Vorschriften haben Sie das Recht auf Zugang, Berichtigung, L\u00f6schung, Widerspruch und \u00dcbertragbarkeit aller Sie betreffenden Daten.<\/p>\n\n<p class=\"\">Sie haben auch das Recht, die Verarbeitung Ihrer pers\u00f6nlichen Daten zu beschr\u00e4nken. Jede Person hat auch das Recht, nicht Gegenstand einer individuellen Entscheidung zu sein, die ausschlie\u00dflich auf einer automatisierten Verarbeitung wie Profiling beruht. Wenn Sie der Verarbeitung personenbezogener Daten zugestimmt haben, k\u00f6nnen Sie Ihre Zustimmung jederzeit zur\u00fcckziehen.<\/p>\n\n<p class=\"\">Sie k\u00f6nnen diese Rechte aus\u00fcben, ohne dass Ihnen Kosten entstehen, mit Ausnahme der Kosten f\u00fcr die \u00dcbermittlung der Aufforderung, indem Sie sich an die folgenden Adressen wenden:<\/p>\n\n<ul class=\"c-list wp-block-list\">\n<li class=\"\">per E-Mail zu senden: <strong>\n  <em>info@habefast.ch<\/em>\n<\/strong><\/li>\n\n\n\n<li class=\"\">per Post: <strong>\n  <em>Habefast Group S\u00e0rl, Route de Champ-Colin 18, 1260 Nyon, Schweiz<\/em>\n<\/strong><\/li>\n<\/ul>\n\n<h2 class=\"c-heading wp-block-heading is-style-normal  \" style=\"text-transform:uppercase\">Kontakt<\/h2>\n\n<p class=\"\">Wenn Sie Informationen \u00fcber die Datenschutzpolitik von Habefast Group S\u00e0rl w\u00fcnschen, wenden Sie sich bitte an die folgende Adresse: <strong>\n  <em>Habefast Group S\u00e0rl, Route de Champ-Colin 18, 1260 Nyon, Schweiz<\/em>\n<\/strong><\/p>\n\n<h2 class=\"c-heading wp-block-heading is-style-normal  \" style=\"text-transform:uppercase\">Cookie-Richtlinie<\/h2>\n\n<p class=\"\">Aus Gr\u00fcnden der Klarheit geben wir an, wie unsere Websites und Anwendungen Habefast Group S\u00e0rl Cookies verwenden. Wir verwenden keine Cookies von Dritten, die f\u00fcr die Zwecke unserer Webseiten und Anwendungen nicht relevant sind. Bei Ihren Besuchen werden Cookies auf Ihrem Computer, Tablet oder Smartphone abgelegt. Die folgenden Informationen helfen Ihnen, besser zu verstehen, wie Cookies funktionieren und wie Sie die aktuellen Tools zur Einstellung von Cookies nutzen k\u00f6nnen.<\/p>\n\n<h3 class=\"c-heading wp-block-heading is-style-normal  \">Was ist ein Cookie?<\/h3>\n\n<p class=\"\">Die Verwendung von Cookies ist im Internet \u00fcblich. Ein Cookie ist eine kleine Textdatei mit Informationen, die auf Ihrem Ger\u00e4t (z.B. Computer, Tablet oder Mobiltelefon) gespeichert wird und die Ihnen eine bessere Benutzererfahrung erm\u00f6glicht. Wir verwenden zwei Arten von Cookies: dauerhafte Cookies und Sitzungscookies. Ein dauerhaftes Cookie erm\u00f6glicht es uns, Sie als einen bestehenden Benutzer zu identifizieren, so dass Sie zu unseren Diensten zur\u00fcckkehren oder diese besuchen k\u00f6nnen, ohne Ihren Benutzernamen erneut eingeben zu m\u00fcssen. Nach der Anmeldung verbleibt ein dauerhaftes Cookie in Ihrem Browser und wird von Habefast Group S\u00e0rl gelesen, wenn Sie auf eine unserer Websites zur\u00fcckkehren. Sitzungscookies existieren nur f\u00fcr die Dauer der Sitzung (normalerweise f\u00fcr die Dauer des Besuchs einer Website oder der Browser-Sitzung).<\/p>\n\n<h3 class=\"c-heading wp-block-heading is-style-normal  \">Targeting-Cookies<\/h3>\n\n<p class=\"\">Wir k\u00f6nnen Cookies verwenden, um gezielte Angebote sowohl innerhalb als auch au\u00dferhalb unserer Anwendungen anzuzeigen, wenn Sie auf einer anderen Website surfen. Ein Cookie kann auch verwendet werden, um festzustellen, ob ein Benutzer, nachdem er einen Inhalt auf Habefast Group S\u00e0rl gesehen hat (z.B. eine Anzeige), anschlie\u00dfend die Website unseres Kunden besucht hat (und z.B. ein Formular ausgef\u00fcllt hat). Dieses Cookie dient dazu, unser Publikum zu messen und unsere F\u00e4higkeit, Ihren Besuch in eine Beziehung umzuwandeln, indem Sie unsere Websites und Anwendungen besuchen oder besucht haben.<\/p>\n\n<p class=\"\">Cookies dieser Kategorie erm\u00f6glichen es uns, die Anzahl der Besucher auf unserer Website zu z\u00e4hlen und die Reise des Nutzers zu visualisieren. Dies erm\u00f6glicht uns, die Funktionsweise unserer Website anzupassen und zu verbessern und sie zu optimieren, um die Informationen, die Sie suchen, leichter zug\u00e4nglich zu machen.<\/p>\n\n<h3 class=\"c-heading wp-block-heading is-style-normal  \">Wie verwalte ich Cookies?<\/h3>\n\n<p class=\"\">Es ist m\u00f6glich, dass wir nach Ihrem ersten Besuch auf dieser Website die von uns verwendeten Cookies \u00e4ndern. Diese Cookie-Richtlinie informiert Sie \u00fcber die Herkunft der Cookies, die auf unserer Website platziert werden, \u00fcber die Zwecke, f\u00fcr die sie verwendet werden, und dar\u00fcber, wie Sie sie deaktivieren k\u00f6nnen. Wir empfehlen Ihnen daher, sie regelm\u00e4\u00dfig zu konsultieren.<\/p>\n\n<p class=\"\">Sie haben mehrere M\u00f6glichkeiten, die Cookies zu verwalten. Alle von Ihnen vorgenommenen Einstellungen k\u00f6nnen Ihre Navigation im Internet und Ihre Zugangsbedingungen zu bestimmten Diensten, die die Verwendung von Cookies erfordern, ver\u00e4ndern. Sie k\u00f6nnen sich jederzeit daf\u00fcr entscheiden, Ihre W\u00fcnsche in Bezug auf Cookies zu \u00e4u\u00dfern und zu \u00e4ndern, indem Sie sie in Ihrem Webbrowser deaktivieren oder die Erstellung von Cookies ablehnen:<\/p>\n\n<p class=\"\"><strong>&#8211; Einstellungen in Ihrem Browser<\/strong> <br\/>F\u00fcr Chrome: https: <em>\/\/support.google.com\/chrome\/answer\/95647?hl=fr&amp;hlrm=en<\/em> <br\/>F\u00fcr Internet Explorer: https: <em>\/\/windows.microsoft.com\/fr-FR\/windows-vista\/Block-or-allow-Cookies <\/em> <br\/>F\u00fcr FireFox: https: <em>\/\/support.mozilla.org\/fr\/kb\/cookies-informations-sites-enregistrent?redirectlocale=fr&amp;red %C3% <\/em> <br\/>F\u00fcr Oper: http: <em>\/\/help.opera.com\/Windows\/10.20\/fr\/cookies.html<\/em><\/p>\n\n<p class=\"\"><strong>&#8211; Opt-out-Links f\u00fcr Cookies zur Messung des Publikums (Statistiken)  <\/strong><br\/>F\u00fcr Cookies, die von Google Analytics abgelegt werden: https: <em>\/\/support.google.com\/analytics\/answer\/181881<\/em><\/p>\n\n<p class=\"\"><strong>&#8211; Opt-out-Links f\u00fcr Cookies zum Teilen von Inhalten  <\/strong><br\/>F\u00fcr Cookies, die von Facebook abgelegt werden: https: <em>\/\/fr-fr.facebook.com\/help\/cookies <\/em> <br\/>F\u00fcr Cookies, die von Twitter abgelegt werden: https: <em>\/\/support.twitter.com\/articles\/20170518-utilisation-des-cookies-etdes-technologies-similaires-par-twitter<\/em> <br\/>Weitere Informationen \u00fcber Cookies finden Sie auf der Website der CNIL unter: https: <em>\/\/www.cnil.fr\/vos-droits\/vos-traces\/les-cookies\/<\/em><\/p>\n\n<h2 class=\"c-heading wp-block-heading is-style-normal  \" style=\"text-transform:uppercase\">Aktualisierung der Datenschutzpolitik<\/h2>\n\n<p class=\"\">Unsere Datenschutzpolitik kann jederzeit ge\u00e4ndert oder erg\u00e4nzt werden. Im Falle einer \u00c4nderung wird die neue Datenschutzrichtlinie bei der Anmeldung in der Anwendung bekannt gegeben.<\/p>\n","protected":false},"excerpt":{"rendered":"<p>Habefast Group S\u00e0rl ist um den Schutz und die Vertraulichkeit pers\u00f6nlicher Daten bem\u00fcht und verpflichtet sich, in \u00dcbereinstimmung mit den geltenden Datenschutzbestimmungen (nLPD) das h\u00f6chste Schutzniveau f\u00fcr Ihre pers\u00f6nlichen Daten zu gew\u00e4hrleisten. Diese Datenschutzrichtlinie soll Sie \u00fcber die praktischen Ma\u00dfnahmen&hellip;<\/p>\n","protected":false},"author":1,"featured_media":0,"parent":0,"menu_order":0,"comment_status":"open","ping_status":"open","template":"","meta":{"_acf_changed":false,"_habefastfse_class":"","footnotes":""},"class_list":["post-2911","page","type-page","status-publish","hentry"],"acf":[],"yoast_head":"<!-- This site is optimized with the Yoast SEO plugin v27.3 - https:\/\/yoast.com\/product\/yoast-seo-wordpress\/ -->\n<title>Datenschutzerkl\u00e4rung, Wellness-Magazin | Feel-Well<\/title>\n<meta name=\"description\" content=\"Fell-Well ist um den Schutz und die Vertraulichkeit pers\u00f6nlicher Daten bem\u00fcht und verpflichtet sich, das h\u00f6chste Ma\u00df an Schutz f\u00fcr Ihre pers\u00f6nlichen Daten zu gew\u00e4hrleisten.\" \/>\n<meta name=\"robots\" content=\"noindex, nofollow\" \/>\n<meta property=\"og:locale\" content=\"de_DE\" \/>\n<meta property=\"og:type\" content=\"article\" \/>\n<meta property=\"og:title\" content=\"Datenschutzerkl\u00e4rung, Wellness-Magazin | Feel-Well\" \/>\n<meta property=\"og:description\" content=\"Fell-Well ist um den Schutz und die Vertraulichkeit pers\u00f6nlicher Daten bem\u00fcht und verpflichtet sich, das h\u00f6chste Ma\u00df an Schutz f\u00fcr Ihre pers\u00f6nlichen Daten zu gew\u00e4hrleisten.\" \/>\n<meta property=\"og:url\" content=\"https:\/\/feel-well.ch\/de\/politik-zum-schutz-persoenlicher-daten\/\" \/>\n<meta property=\"og:site_name\" content=\"Feel Well\" \/>\n<meta property=\"article:modified_time\" content=\"2024-04-27T21:56:45+00:00\" \/>\n<meta name=\"twitter:card\" content=\"summary_large_image\" \/>\n<meta name=\"twitter:label1\" content=\"Gesch\u00e4tzte Lesezeit\" \/>\n\t<meta name=\"twitter:data1\" content=\"8\u00a0Minuten\" \/>\n<script type=\"application\/ld+json\" class=\"yoast-schema-graph\">{\"@context\":\"https:\\\/\\\/schema.org\",\"@graph\":[{\"@type\":\"WebPage\",\"@id\":\"https:\\\/\\\/feel-well.ch\\\/de\\\/politik-zum-schutz-persoenlicher-daten\\\/\",\"url\":\"https:\\\/\\\/feel-well.ch\\\/de\\\/politik-zum-schutz-persoenlicher-daten\\\/\",\"name\":\"Datenschutzerkl\u00e4rung, Wellness-Magazin | Feel-Well\",\"isPartOf\":{\"@id\":\"https:\\\/\\\/feel-well.ch\\\/de\\\/#website\"},\"datePublished\":\"2023-05-08T13:53:05+00:00\",\"dateModified\":\"2024-04-27T21:56:45+00:00\",\"description\":\"Fell-Well ist um den Schutz und die Vertraulichkeit pers\u00f6nlicher Daten bem\u00fcht und verpflichtet sich, das h\u00f6chste Ma\u00df an Schutz f\u00fcr Ihre pers\u00f6nlichen Daten zu gew\u00e4hrleisten.\",\"breadcrumb\":{\"@id\":\"https:\\\/\\\/feel-well.ch\\\/de\\\/politik-zum-schutz-persoenlicher-daten\\\/#breadcrumb\"},\"inLanguage\":\"de\",\"potentialAction\":[{\"@type\":\"ReadAction\",\"target\":[\"https:\\\/\\\/feel-well.ch\\\/de\\\/politik-zum-schutz-persoenlicher-daten\\\/\"]}]},{\"@type\":\"BreadcrumbList\",\"@id\":\"https:\\\/\\\/feel-well.ch\\\/de\\\/politik-zum-schutz-persoenlicher-daten\\\/#breadcrumb\",\"itemListElement\":[{\"@type\":\"ListItem\",\"position\":1,\"name\":\"Accueil\",\"item\":\"https:\\\/\\\/feel-well.ch\\\/de\\\/\"},{\"@type\":\"ListItem\",\"position\":2,\"name\":\"Politik zum Schutz pers\u00f6nlicher Daten\"}]},{\"@type\":\"WebSite\",\"@id\":\"https:\\\/\\\/feel-well.ch\\\/de\\\/#website\",\"url\":\"https:\\\/\\\/feel-well.ch\\\/de\\\/\",\"name\":\"Feel Well\",\"description\":\"\",\"potentialAction\":[{\"@type\":\"SearchAction\",\"target\":{\"@type\":\"EntryPoint\",\"urlTemplate\":\"https:\\\/\\\/feel-well.ch\\\/de\\\/?s={search_term_string}\"},\"query-input\":{\"@type\":\"PropertyValueSpecification\",\"valueRequired\":true,\"valueName\":\"search_term_string\"}}],\"inLanguage\":\"de\"}]}<\/script>\n<!-- \/ Yoast SEO plugin. -->","yoast_head_json":{"title":"Datenschutzerkl\u00e4rung, Wellness-Magazin | Feel-Well","description":"Fell-Well ist um den Schutz und die Vertraulichkeit pers\u00f6nlicher Daten bem\u00fcht und verpflichtet sich, das h\u00f6chste Ma\u00df an Schutz f\u00fcr Ihre pers\u00f6nlichen Daten zu gew\u00e4hrleisten.","robots":{"index":"noindex","follow":"nofollow"},"og_locale":"de_DE","og_type":"article","og_title":"Datenschutzerkl\u00e4rung, Wellness-Magazin | Feel-Well","og_description":"Fell-Well ist um den Schutz und die Vertraulichkeit pers\u00f6nlicher Daten bem\u00fcht und verpflichtet sich, das h\u00f6chste Ma\u00df an Schutz f\u00fcr Ihre pers\u00f6nlichen Daten zu gew\u00e4hrleisten.","og_url":"https:\/\/feel-well.ch\/de\/politik-zum-schutz-persoenlicher-daten\/","og_site_name":"Feel Well","article_modified_time":"2024-04-27T21:56:45+00:00","twitter_card":"summary_large_image","twitter_misc":{"Gesch\u00e4tzte Lesezeit":"8\u00a0Minuten"},"schema":{"@context":"https:\/\/schema.org","@graph":[{"@type":"WebPage","@id":"https:\/\/feel-well.ch\/de\/politik-zum-schutz-persoenlicher-daten\/","url":"https:\/\/feel-well.ch\/de\/politik-zum-schutz-persoenlicher-daten\/","name":"Datenschutzerkl\u00e4rung, Wellness-Magazin | Feel-Well","isPartOf":{"@id":"https:\/\/feel-well.ch\/de\/#website"},"datePublished":"2023-05-08T13:53:05+00:00","dateModified":"2024-04-27T21:56:45+00:00","description":"Fell-Well ist um den Schutz und die Vertraulichkeit pers\u00f6nlicher Daten bem\u00fcht und verpflichtet sich, das h\u00f6chste Ma\u00df an Schutz f\u00fcr Ihre pers\u00f6nlichen Daten zu gew\u00e4hrleisten.","breadcrumb":{"@id":"https:\/\/feel-well.ch\/de\/politik-zum-schutz-persoenlicher-daten\/#breadcrumb"},"inLanguage":"de","potentialAction":[{"@type":"ReadAction","target":["https:\/\/feel-well.ch\/de\/politik-zum-schutz-persoenlicher-daten\/"]}]},{"@type":"BreadcrumbList","@id":"https:\/\/feel-well.ch\/de\/politik-zum-schutz-persoenlicher-daten\/#breadcrumb","itemListElement":[{"@type":"ListItem","position":1,"name":"Accueil","item":"https:\/\/feel-well.ch\/de\/"},{"@type":"ListItem","position":2,"name":"Politik zum Schutz pers\u00f6nlicher Daten"}]},{"@type":"WebSite","@id":"https:\/\/feel-well.ch\/de\/#website","url":"https:\/\/feel-well.ch\/de\/","name":"Feel Well","description":"","potentialAction":[{"@type":"SearchAction","target":{"@type":"EntryPoint","urlTemplate":"https:\/\/feel-well.ch\/de\/?s={search_term_string}"},"query-input":{"@type":"PropertyValueSpecification","valueRequired":true,"valueName":"search_term_string"}}],"inLanguage":"de"}]}},"_links":{"self":[{"href":"https:\/\/feel-well.ch\/de\/wp-json\/wp\/v2\/pages\/2911","targetHints":{"allow":["GET"]}}],"collection":[{"href":"https:\/\/feel-well.ch\/de\/wp-json\/wp\/v2\/pages"}],"about":[{"href":"https:\/\/feel-well.ch\/de\/wp-json\/wp\/v2\/types\/page"}],"author":[{"embeddable":true,"href":"https:\/\/feel-well.ch\/de\/wp-json\/wp\/v2\/users\/1"}],"replies":[{"embeddable":true,"href":"https:\/\/feel-well.ch\/de\/wp-json\/wp\/v2\/comments?post=2911"}],"version-history":[{"count":1,"href":"https:\/\/feel-well.ch\/de\/wp-json\/wp\/v2\/pages\/2911\/revisions"}],"predecessor-version":[{"id":2912,"href":"https:\/\/feel-well.ch\/de\/wp-json\/wp\/v2\/pages\/2911\/revisions\/2912"}],"wp:attachment":[{"href":"https:\/\/feel-well.ch\/de\/wp-json\/wp\/v2\/media?parent=2911"}],"curies":[{"name":"wp","href":"https:\/\/api.w.org\/{rel}","templated":true}]}}