{"id":2915,"date":"2023-05-08T15:52:33","date_gmt":"2023-05-08T13:52:33","guid":{"rendered":"https:\/\/feel-well.ch\/rechtliche-hinweise\/"},"modified":"2024-04-27T23:56:45","modified_gmt":"2024-04-27T21:56:45","slug":"rechtliche-hinweise","status":"publish","type":"page","link":"https:\/\/feel-well.ch\/de\/rechtliche-hinweise\/","title":{"rendered":"Rechtliche Hinweise"},"content":{"rendered":"\n<h2 class=\"c-heading wp-block-heading is-style-normal  \" style=\"text-transform:uppercase\">Herausgeber<\/h2>\n\n<p class=\"\" style=\"font-size:clamp(14px, 0.875rem + ((1vw - 3.2px) * 0.313), 18px);\"><strong>Habefast Group S\u00e0rl<\/strong><\/p>\n\n<p class=\"\">Gesellschaft mit beschr\u00e4nkter Haftung mit einem Kapital von CHF 50&#8217;000.-, mit Sitz in Route de Champ-Colin 18, 1260 Nyon, Schweiz. Eingetragen beim Eidgen\u00f6ssischen Amt f\u00fcr das Handelsregister unter der Nummer CH-550-1217815-3\/ UID: CHE-381.609.407<\/p>\n\n<p class=\"\">Verantwortlich f\u00fcr die Ver\u00f6ffentlichung: Boris Alonso<\/p>\n\n<h2 class=\"c-heading wp-block-heading is-style-normal  \" style=\"text-transform:uppercase\">Host<\/h2>\n\n<p class=\"\">Infomaniak Network SA<\/p>\n\n<h2 class=\"c-heading wp-block-heading is-style-normal  \" style=\"text-transform:uppercase\">Website erstellt von<\/h2>\n\n<p class=\"\">Habefast Group S\u00e0rl, Route de Champ Colin 18, 1260 NYON<\/p>\n\n<h2 class=\"c-heading wp-block-heading is-style-normal  \" style=\"text-transform:uppercase\">Inhalt der Website<\/h2>\n\n<p class=\"\">Alle Marken, Fotografien, Texte, Kommentare, Illustrationen, animierte oder nicht animierte Bilder, Videosequenzen, T\u00f6ne sowie alle Computeranwendungen, die f\u00fcr den Betrieb dieser Website verwendet werden k\u00f6nnen, und ganz allgemein alle auf der Website reproduzierten oder verwendeten Elemente sind durch die geltenden Gesetze zum Schutz des geistigen Eigentums gesch\u00fctzt.<\/p>\n\n<p class=\"\">Sie sind das vollst\u00e4ndige und uneingeschr\u00e4nkte Eigentum des Herausgebers oder seiner Partner. Die Vervielf\u00e4ltigung, Pr\u00e4sentation, Nutzung oder Anpassung, in welcher Form auch immer, aller oder eines Teils dieser Elemente, einschlie\u00dflich der Computeranwendungen, ohne die vorherige schriftliche Genehmigung des Herausgebers ist strengstens untersagt. Die Tatsache, dass der Herausgeber keine Ma\u00dfnahmen ergreift, sobald er von einer solchen nicht genehmigten Nutzung Kenntnis erlangt, stellt keine Zustimmung zu dieser Nutzung und keinen Verzicht auf rechtliche Schritte dar.<\/p>\n\n<p class=\"\">Der gesamte Inhalt dieser Website darf ohne vorherige schriftliche Genehmigung nicht in irgendeiner Form oder auf irgendeinem Medium verwendet und\/oder vervielf\u00e4ltigt werden. Die Logos und Marken auf dieser Website sind gesch\u00fctzt und d\u00fcrfen ohne Genehmigung nicht vervielf\u00e4ltigt oder verwendet werden.<\/p>\n\n<p class=\"\">Die Einrichtung von Hypertext-Links zu dieser Website darf nur mit vorheriger schriftlicher Genehmigung des Herausgebers erfolgen, der keine Verantwortung f\u00fcr den Inhalt von Websites \u00fcbernimmt, die mit dieser Website verkn\u00fcpft sind.<\/p>\n\n<h2 class=\"c-heading wp-block-heading is-style-normal  \" style=\"text-transform:uppercase\">Pers\u00f6nliche Daten<\/h2>\n\n<p class=\"\">Sie haben das Recht, auf Ihre Daten zuzugreifen, sie zu berichtigen und zu l\u00f6schen. Sie k\u00f6nnen dieses Recht aus\u00fcben, indem Sie uns einen Brief an die folgende Adresse schicken: <strong>\n  <em>info@habefast.ch<\/em>\n<\/strong><\/p>\n\n<h2 class=\"c-heading wp-block-heading is-style-normal  \" style=\"text-transform:uppercase\">Geistiges Eigentum<\/h2>\n\n<p class=\"\">Der gesamte Inhalt dieser Website ist Eigentum des Herausgebers und darf ohne seine vorherige schriftliche Zustimmung nicht in irgendeiner Form oder auf irgendeinem Medium verwendet und\/oder vervielf\u00e4ltigt werden. Die Logos und Marken auf dieser Website sind gesch\u00fctzt und d\u00fcrfen ohne Genehmigung nicht vervielf\u00e4ltigt oder verwendet werden.<\/p>\n\n<p class=\"\">Die Einrichtung von Hypertext-Links zu dieser Website darf nur mit vorheriger schriftlicher Genehmigung des Herausgebers erfolgen, der keine Verantwortung f\u00fcr den Inhalt von Websites \u00fcbernimmt, die mit dieser Website verkn\u00fcpft sind.<\/p>\n\n<h2 class=\"c-heading wp-block-heading is-style-normal  \" style=\"text-transform:uppercase\">Cookies<\/h2>\n\n<p class=\"\">Der Herausgeber beh\u00e4lt sich die M\u00f6glichkeit vor, Cookies an den Computer des Nutzers zu senden, wenn er sich einloggt. Diese Cookies sind Dateien, die Informationen \u00fcber die Navigation des Computers auf der Website speichern. Der Besucher kann die Speicherung von Cookies verhindern, indem er seinen Computer entsprechend konfiguriert.<\/p>\n\n<h2 class=\"c-heading wp-block-heading is-style-normal  \" style=\"text-transform:uppercase\">Verantwortung<\/h2>\n\n<p class=\"\">Habefast Group S\u00e0rl \u00fcbernimmt keine Verantwortung f\u00fcr die Nutzung der Informationen auf dieser Website. Der Inhalt der Website kann technische Ungenauigkeiten, typografische Fehler oder Auslassungen enthalten. Dieser Inhalt kann ohne vorherige Ank\u00fcndigung ge\u00e4ndert oder aktualisiert werden. Die auf der Website von Habefast Group S\u00e0rl vorhandenen Hyperlinks, die die Benutzer auf andere Websites verweisen, bedeuten nicht, dass Habefast Group S\u00e0rl f\u00fcr den Inhalt der anderen Websites verantwortlich ist. Habefast Group S\u00e0rl haftet nicht f\u00fcr direkte oder indirekte Sch\u00e4den, die sich aus der Verbreitung eines Virus durch Dritte \u00fcber unsere Website ergeben, der das Computersystem oder die Computerkonfiguration des Computers des Benutzers infolge der Verbindung, Nutzung, Navigation oder des Herunterladens von dieser Website infizieren kann.<\/p>\n\n<p class=\"\">Der Herausgeber kann nicht haftbar gemacht werden f\u00fcr Fehler, Pannen, Schwierigkeiten oder Betriebsunterbrechungen, die den Zugang zur Website oder zu einer ihrer Funktionen verhindern.<\/p>\n\n<p class=\"\">Sie sind f\u00fcr das von Ihnen verwendete Material zur Verbindung mit der Website verantwortlich. Sie m\u00fcssen alle geeigneten Ma\u00dfnahmen ergreifen, um Ihre Ausr\u00fcstung und Ihre eigenen Daten zu sch\u00fctzen, insbesondere vor Virenangriffen \u00fcber das Internet. Au\u00dferdem sind Sie allein verantwortlich f\u00fcr die Websites und Daten, die Sie besuchen.<\/p>\n\n<p class=\"\">Der Herausgeber haftet nicht f\u00fcr rechtliche Schritte gegen Sie:  <\/p>\n\n<ul class=\"c-list is-style-normal wp-block-list\">\n<li class=\"\">aufgrund der Nutzung der Webseite oder eines \u00fcber das Internet zug\u00e4nglichen Dienstes<\/li>\n\n\n\n<li class=\"\">aufgrund der Nichteinhaltung der vorliegenden rechtlichen Hinweise durch Sie.<\/li>\n<\/ul>\n\n<p class=\"\">Der Herausgeber haftet nicht f\u00fcr Sch\u00e4den, die Ihnen, Dritten und\/oder Ihrer Ausr\u00fcstung durch Ihre Verbindung oder Nutzung der Website entstehen, und Sie verzichten auf jegliche Klage gegen ihn aus diesem Grund.<\/p>\n\n<p class=\"\">Sollte der Herausgeber aufgrund Ihrer Nutzung der Website Gegenstand eines g\u00fctlichen oder gerichtlichen Verfahrens werden, kann er Sie f\u00fcr alle Sch\u00e4den, Betr\u00e4ge, Verurteilungen und Kosten, die sich aus diesem Verfahren ergeben k\u00f6nnten, in Anspruch nehmen.<\/p>\n\n<h2 class=\"c-heading wp-block-heading is-style-normal  \" style=\"text-transform:uppercase\">Fotografien und Darstellung der Produkte<\/h2>\n\n<p class=\"\">Die Produktfotos, die die Beschreibung der Produkte begleiten, sind nicht vertraglich bindend und verpflichten den Herausgeber nicht.<\/p>\n\n<h2 class=\"c-heading wp-block-heading is-style-normal  \" style=\"text-transform:uppercase\">Anwendbares Recht<\/h2>\n\n<p class=\"\">Diese rechtlichen Hinweise unterliegen dem Schweizer Recht und der Zust\u00e4ndigkeit der Schweizer Gerichte.<\/p>\n","protected":false},"excerpt":{"rendered":"<p>Herausgeber Habefast Group S\u00e0rl Gesellschaft mit beschr\u00e4nkter Haftung mit einem Kapital von CHF 50&#8217;000.-, mit Sitz in Route de Champ-Colin 18, 1260 Nyon, Schweiz. Eingetragen beim Eidgen\u00f6ssischen Amt f\u00fcr das Handelsregister unter der Nummer CH-550-1217815-3\/ UID: CHE-381.609.407 Verantwortlich f\u00fcr die&hellip;<\/p>\n","protected":false},"author":1,"featured_media":0,"parent":0,"menu_order":0,"comment_status":"open","ping_status":"open","template":"","meta":{"_acf_changed":false,"_habefastfse_class":"","footnotes":""},"class_list":["post-2915","page","type-page","status-publish","hentry"],"acf":[],"yoast_head":"<!-- This site is optimized with the Yoast SEO plugin v26.9 - https:\/\/yoast.com\/product\/yoast-seo-wordpress\/ -->\n<title>Impressum, unser Online-Magazin | Feel-Well<\/title>\n<meta name=\"description\" content=\"Hier finden Sie alle rechtlichen Hinweise von Fell-Well, einer Website, die von Habefast Group S\u00e0rl, Route de Champ Colin 18, 1260 NYON, erstellt wurde.\" \/>\n<meta name=\"robots\" content=\"noindex, nofollow\" \/>\n<meta property=\"og:locale\" content=\"de_DE\" \/>\n<meta property=\"og:type\" content=\"article\" \/>\n<meta property=\"og:title\" content=\"Impressum, unser Online-Magazin | Feel-Well\" \/>\n<meta property=\"og:description\" content=\"Hier finden Sie alle rechtlichen Hinweise von Fell-Well, einer Website, die von Habefast Group S\u00e0rl, Route de Champ Colin 18, 1260 NYON, erstellt wurde.\" \/>\n<meta property=\"og:url\" content=\"https:\/\/feel-well.ch\/de\/rechtliche-hinweise\/\" \/>\n<meta property=\"og:site_name\" content=\"Feel Well\" \/>\n<meta property=\"article:modified_time\" content=\"2024-04-27T21:56:45+00:00\" \/>\n<meta name=\"twitter:card\" content=\"summary_large_image\" \/>\n<meta name=\"twitter:label1\" content=\"Gesch\u00e4tzte Lesezeit\" \/>\n\t<meta name=\"twitter:data1\" content=\"4\u00a0Minuten\" \/>\n<script type=\"application\/ld+json\" class=\"yoast-schema-graph\">{\"@context\":\"https:\/\/schema.org\",\"@graph\":[{\"@type\":\"WebPage\",\"@id\":\"https:\/\/feel-well.ch\/de\/rechtliche-hinweise\/\",\"url\":\"https:\/\/feel-well.ch\/de\/rechtliche-hinweise\/\",\"name\":\"Impressum, unser Online-Magazin | Feel-Well\",\"isPartOf\":{\"@id\":\"https:\/\/feel-well.ch\/de\/#website\"},\"datePublished\":\"2023-05-08T13:52:33+00:00\",\"dateModified\":\"2024-04-27T21:56:45+00:00\",\"description\":\"Hier finden Sie alle rechtlichen Hinweise von Fell-Well, einer Website, die von Habefast Group S\u00e0rl, Route de Champ Colin 18, 1260 NYON, erstellt wurde.\",\"breadcrumb\":{\"@id\":\"https:\/\/feel-well.ch\/de\/rechtliche-hinweise\/#breadcrumb\"},\"inLanguage\":\"de\",\"potentialAction\":[{\"@type\":\"ReadAction\",\"target\":[\"https:\/\/feel-well.ch\/de\/rechtliche-hinweise\/\"]}]},{\"@type\":\"BreadcrumbList\",\"@id\":\"https:\/\/feel-well.ch\/de\/rechtliche-hinweise\/#breadcrumb\",\"itemListElement\":[{\"@type\":\"ListItem\",\"position\":1,\"name\":\"Accueil\",\"item\":\"https:\/\/feel-well.ch\/de\/\"},{\"@type\":\"ListItem\",\"position\":2,\"name\":\"Rechtliche Hinweise\"}]},{\"@type\":\"WebSite\",\"@id\":\"https:\/\/feel-well.ch\/de\/#website\",\"url\":\"https:\/\/feel-well.ch\/de\/\",\"name\":\"Feel Well\",\"description\":\"\",\"potentialAction\":[{\"@type\":\"SearchAction\",\"target\":{\"@type\":\"EntryPoint\",\"urlTemplate\":\"https:\/\/feel-well.ch\/de\/?s={search_term_string}\"},\"query-input\":{\"@type\":\"PropertyValueSpecification\",\"valueRequired\":true,\"valueName\":\"search_term_string\"}}],\"inLanguage\":\"de\"}]}<\/script>\n<!-- \/ Yoast SEO plugin. -->","yoast_head_json":{"title":"Impressum, unser Online-Magazin | Feel-Well","description":"Hier finden Sie alle rechtlichen Hinweise von Fell-Well, einer Website, die von Habefast Group S\u00e0rl, Route de Champ Colin 18, 1260 NYON, erstellt wurde.","robots":{"index":"noindex","follow":"nofollow"},"og_locale":"de_DE","og_type":"article","og_title":"Impressum, unser Online-Magazin | Feel-Well","og_description":"Hier finden Sie alle rechtlichen Hinweise von Fell-Well, einer Website, die von Habefast Group S\u00e0rl, Route de Champ Colin 18, 1260 NYON, erstellt wurde.","og_url":"https:\/\/feel-well.ch\/de\/rechtliche-hinweise\/","og_site_name":"Feel Well","article_modified_time":"2024-04-27T21:56:45+00:00","twitter_card":"summary_large_image","twitter_misc":{"Gesch\u00e4tzte Lesezeit":"4\u00a0Minuten"},"schema":{"@context":"https:\/\/schema.org","@graph":[{"@type":"WebPage","@id":"https:\/\/feel-well.ch\/de\/rechtliche-hinweise\/","url":"https:\/\/feel-well.ch\/de\/rechtliche-hinweise\/","name":"Impressum, unser Online-Magazin | Feel-Well","isPartOf":{"@id":"https:\/\/feel-well.ch\/de\/#website"},"datePublished":"2023-05-08T13:52:33+00:00","dateModified":"2024-04-27T21:56:45+00:00","description":"Hier finden Sie alle rechtlichen Hinweise von Fell-Well, einer Website, die von Habefast Group S\u00e0rl, Route de Champ Colin 18, 1260 NYON, erstellt wurde.","breadcrumb":{"@id":"https:\/\/feel-well.ch\/de\/rechtliche-hinweise\/#breadcrumb"},"inLanguage":"de","potentialAction":[{"@type":"ReadAction","target":["https:\/\/feel-well.ch\/de\/rechtliche-hinweise\/"]}]},{"@type":"BreadcrumbList","@id":"https:\/\/feel-well.ch\/de\/rechtliche-hinweise\/#breadcrumb","itemListElement":[{"@type":"ListItem","position":1,"name":"Accueil","item":"https:\/\/feel-well.ch\/de\/"},{"@type":"ListItem","position":2,"name":"Rechtliche Hinweise"}]},{"@type":"WebSite","@id":"https:\/\/feel-well.ch\/de\/#website","url":"https:\/\/feel-well.ch\/de\/","name":"Feel Well","description":"","potentialAction":[{"@type":"SearchAction","target":{"@type":"EntryPoint","urlTemplate":"https:\/\/feel-well.ch\/de\/?s={search_term_string}"},"query-input":{"@type":"PropertyValueSpecification","valueRequired":true,"valueName":"search_term_string"}}],"inLanguage":"de"}]}},"_links":{"self":[{"href":"https:\/\/feel-well.ch\/de\/wp-json\/wp\/v2\/pages\/2915","targetHints":{"allow":["GET"]}}],"collection":[{"href":"https:\/\/feel-well.ch\/de\/wp-json\/wp\/v2\/pages"}],"about":[{"href":"https:\/\/feel-well.ch\/de\/wp-json\/wp\/v2\/types\/page"}],"author":[{"embeddable":true,"href":"https:\/\/feel-well.ch\/de\/wp-json\/wp\/v2\/users\/1"}],"replies":[{"embeddable":true,"href":"https:\/\/feel-well.ch\/de\/wp-json\/wp\/v2\/comments?post=2915"}],"version-history":[{"count":1,"href":"https:\/\/feel-well.ch\/de\/wp-json\/wp\/v2\/pages\/2915\/revisions"}],"predecessor-version":[{"id":2916,"href":"https:\/\/feel-well.ch\/de\/wp-json\/wp\/v2\/pages\/2915\/revisions\/2916"}],"wp:attachment":[{"href":"https:\/\/feel-well.ch\/de\/wp-json\/wp\/v2\/media?parent=2915"}],"curies":[{"name":"wp","href":"https:\/\/api.w.org\/{rel}","templated":true}]}}