{"id":384,"date":"2023-05-08T15:53:05","date_gmt":"2023-05-08T13:53:05","guid":{"rendered":"https:\/\/feel-well.ch\/politique-de-protection-des-donnees-personnelles\/"},"modified":"2024-02-09T08:33:29","modified_gmt":"2024-02-09T07:33:29","slug":"personal-data-protection-policy","status":"publish","type":"page","link":"https:\/\/feel-well.ch\/en\/personal-data-protection-policy\/","title":{"rendered":"Personal data protection policy"},"content":{"rendered":"\n<p class=\"\">Habefast Group S\u00e0rl is concerned about the protection and confidentiality of personal data and is committed to ensuring the highest level of protection for your personal data in accordance with the current regulations on the protection of personal data (nLPD).<\/p>\n\n\n\n<p class=\"\">The purpose of this privacy policy is to inform you of the practical measures and commitments taken by Habefast Group S\u00e0rl to ensure the respect and protection of your personal data when using our services.<\/p>\n\n\n\n<p class=\"\">It applies to all services (web applications, mobile applications, matchmaking services, etc.) published and provided by Habefast Group S\u00e0rl from the various Sites and Applications. It concerns all visitors to our Sites and users of our Services. The terms &#8220;we&#8221;, &#8220;us&#8221; and &#8220;our&#8221; refer to Habefast Group S\u00e0rl and the Services we provide.<\/p>\n\n\n\n<p class=\"\">The terms &#8220;You&#8221; and &#8220;your&#8221; refer to all Users of our Services or visitors to our Sites or Applications.<\/p>\n\n\n\n<p class=\"\">The Charter applies in addition to the provisions of the General Terms and Conditions of Use of Services and the General Terms and Conditions of Sale of Services, where they exist.<\/p>\n\n\n\n<h2 class=\"c-heading wp-block-heading is-style-normal  \" style=\"text-transform:uppercase\">Data collected<\/h2>\n\n\n\n<p class=\"\">Habefast Group S\u00e0rl will only process personal data that is strictly necessary for the purposes detailed above. In addition to the information necessary to establish a relationship (such as your first and last name, email address, etc.), you will only be asked for information relating to your expertise, skills or professional prospects.<\/p>\n\n\n\n<h3 class=\"c-heading wp-block-heading is-style-normal  \">The data you provide to us<\/h3>\n\n\n\n<p class=\"\">The data that we process are first of all the data that you provide to us via our subscription forms. This is your identification data, your contact data.<\/p>\n\n\n\n<p class=\"\">The compulsory nature of the data collected is indicated at the time of collection by a message. The information you provide is mandatory only when it is necessary for us to process your request in order to respond appropriately to your request.<\/p>\n\n\n\n<p class=\"\">If the mandatory data is not filled in, we will not be able to provide you with the service you require.<\/p>\n\n\n\n<p class=\"\">We also process data that you upload to our Sites and applications. We never ask for so-called sensitive information (racial or ethnic information, political opinions, religious or philosophical views, trade union membership, health, sexual orientation). We do not recommend that you provide such information when using our Services.<\/p>\n\n\n\n<h3 class=\"c-heading wp-block-heading is-style-normal  \">Data on the use of our services<\/h3>\n\n\n\n<p class=\"\">We also profile you based on your use and browsing of our Sites and Applications. This includes your IP address or connecting devices, your browsing data, cookie data (see Cookies section below), your matchmaking history, the industry in which you are interested, the messages we send you and the links you click, the courses you attend, the number of pages you view, the number of times you visit our Sites, and the activity of visitors on our Sites and the frequency with which they return (see Third Party Data section below).<\/p>\n\n\n\n<h3 class=\"c-heading wp-block-heading is-style-normal  \">Third party data<\/h3>\n\n\n\n<p class=\"\">We receive personal data about you when you use the contact forms on our site. Our goal is to better understand how our Sites and applications are used and to measure our audience and the effectiveness of our Services to better tailor them to your needs. We do not collect any third party data that you may write or post on third party partner sites.<\/p>\n\n\n\n<h2 class=\"c-heading wp-block-heading is-style-normal  \" style=\"text-transform:uppercase\">Recipients of the data collected<\/h2>\n\n\n\n<p class=\"\">Your personal data will only be used by identified and authorised persons for the purposes described in this privacy policy. Habefast Group S\u00e0rl undertakes never to transmit your personal data to third parties for reasons unrelated to these purposes.<\/p>\n\n\n\n<p class=\"\">Thus, your data will only be transmitted to the categories of persons listed below:<\/p>\n\n\n\n<ul class=\"c-list wp-block-list\">\n<li class=\"\">Authorised services of Habefast Group S\u00e0rl (technical implementation team, customer relationship management team)<\/li>\n\n\n\n<li class=\"\">Our technical service providers: hosting, unformatted data extraction service, emailing service, audit and IT security provider<\/li>\n<\/ul>\n\n\n\n<h2 class=\"c-heading wp-block-heading is-style-normal  \" style=\"text-transform:uppercase\">Security of collected data<\/h2>\n\n\n\n<p class=\"\">Habefast Group S\u00e0rl is committed to an appropriate security policy, which translates into a logical and physical security policy and security measures specifically adapted to our activities. Various audits are carried out within our infrastructures.<\/p>\n\n\n\n<p class=\"\">The Habefast Group S\u00e0rl technical teams are aware of the RGPD and the protection of personal data is taken into account throughout the design and operation of applications.<\/p>\n\n\n\n<p class=\"\">Thus, the following principles govern the development of sites and applications, both in terms of technical infrastructure (secure redundant hosting, security and access control policy) and from the application point of view (development of sites and applications):<\/p>\n\n\n\n<ul class=\"c-list wp-block-list\">\n<li class=\"\">Secure data collection<\/li>\n\n\n\n<li class=\"\">Storage to ensure data integrity and confidentiality<\/li>\n\n\n\n<li class=\"\">Securing development environments<\/li>\n\n\n\n<li class=\"\">Securing access to data<\/li>\n\n\n\n<li class=\"\">Regular training of our technical teams<\/li>\n\n\n\n<li class=\"\">Voluntary limitation of subcontracting (infrastructure, services and development) and intervention on anonymised test data sets.<\/li>\n<\/ul>\n\n\n\n<h2 class=\"c-heading wp-block-heading is-style-normal  \" style=\"text-transform:uppercase\">Your rights<\/h2>\n\n\n\n<p class=\"\">In accordance with the regulations, you have a right of access, rectification, deletion, opposition and a right to the portability of all data concerning you.<\/p>\n\n\n\n<p class=\"\">You also have the right to limit the processing of your personal data. Everyone also has the right not to be subject to individual decision-making based solely on automated processing such as profiling. If you have consented to the processing of personal data, you may withdraw your consent at any time.<\/p>\n\n\n\n<p class=\"\">You may exercise these rights, free of charge, except for those related to the transmission of the solicitation, by contacting the following addresses<\/p>\n\n\n\n<ul class=\"c-list wp-block-list\">\n<li class=\"\">by email: <strong><em>info@habefast.ch<\/em><\/strong><\/li>\n\n\n\n<li class=\"\">by post: <strong><em>Habefast Group S\u00e0rl, Route de Champ-Colin 18, 1260 Nyon, Suisse<\/em><\/strong><\/li>\n<\/ul>\n\n\n\n<h2 class=\"c-heading wp-block-heading is-style-normal  \" style=\"text-transform:uppercase\">Contact<\/h2>\n\n\n\n<p class=\"\">For any information concerning the personal data protection policy implemented by Habefast Group S\u00e0rl, you can contact the following address: <strong><em>Habefast Group S\u00e0rl, Route de Champ-Colin 18, 1260 Nyon, Suisse<\/em><\/strong><\/p>\n\n\n\n<h2 class=\"c-heading wp-block-heading is-style-normal  \" style=\"text-transform:uppercase\">Cookie management policy<\/h2>\n\n\n\n<p class=\"\">Dans un souci de clart\u00e9, nous pr\u00e9cisons la fa\u00e7on dont nos Sites et applications Habefast Group S\u00e0rl utilisent des cookies. Nous n\u2019utilisons aucun cookie de tiers qui serait \u00e9tranger aux finalit\u00e9s poursuivies par nos Sites et Applications. Lors de vos consultations des cookies sont d\u00e9pos\u00e9s sur votre ordinateur, votre tablette ou votre smartphone. Les informations ci-dessous vous permettent de mieux comprendre comment fonctionnent les cookies et comment utiliser les outils actuels afin de les param\u00e9trer.<\/p>\n\n\n\n<h3 class=\"c-heading wp-block-heading is-style-normal  \">What is a cookie?<\/h3>\n\n\n\n<p class=\"\">The use of cookies is common on the Internet. A cookie is a small text file containing information, which is stored on your equipment (e.g. computer, tablet or mobile phone) and which allows you to enjoy a better user experience. We use two types of cookies: persistent cookies and session cookies. A persistent cookie allows us to identify you as an existing user so that you can return to or view our Services without having to re-enter your user ID. Once logged in, a persistent cookie remains in your browser and will be read by Habefast Group S\u00e0rl when you return to one of our Sites. Session cookies exist only for the duration of the session (usually the duration of a website visit or browser session).<\/p>\n\n\n\n<h3 class=\"c-heading wp-block-heading is-style-normal  \">Targeting cookies<\/h3>\n\n\n\n<p class=\"\">We may use cookies to display targeted offers both on our applications and outside of them when you browse another Site. A cookie may also be used to tell us whether a User, after viewing content on Habefast Group Ltd (e.g., an advertisement), has subsequently visited our Client&#8217;s site (e.g., to fill out a form). The purpose of this cookie is to measure our audience and our ability to convert your visit into a relationship, either by visiting our Sites and applications or by having visited them.<\/p>\n\n\n\n<p class=\"\">Cookies in this category allow us to count the number of visitors to our website and to visualise the path followed by the user. This allows us to adjust and improve the functioning of our site and to optimise it to make the information you are looking for more accessible.<\/p>\n\n\n\n<h3 class=\"c-heading wp-block-heading is-style-normal  \">How do I manage cookies?<\/h3>\n\n\n\n<p class=\"\">It is possible that after your first visit to this website we may change the cookies we use. This Cookie Policy will inform you of the origin of the cookies that are placed on our site, the purposes for which they are placed and how to disable them. We therefore invite you to consult it periodically.<\/p>\n\n\n\n<p class=\"\">Several possibilities are offered to you to manage cookies. Any settings you make may affect your Internet browsing and your access to certain services that require the use of cookies. You can choose at any time to express and modify your wishes regarding cookies, either by deactivating them on your web browser or by refusing the creation of cookies:<\/p>\n\n\n\n<p class=\"\"><strong>&#8211; Param\u00e9trage de votre navigateur<\/strong><br>For Chrome : <em>https:\/\/support.google.com\/chrome\/answer\/95647?hl=fr&amp;amp;hlrm=en<\/em> <br>For Internet Explorer : <em>https:\/\/windows.microsoft.com\/fr-FR\/windows-vista\/Block-or-allow-Cookies <\/em><br>For FireFox : <em>https:\/\/support.mozilla.org\/fr\/kb\/cookies-informations-sites-enregistrent?redirectlocale=fr&amp;amp;red irectslug=G%C3%A9rer+les+cookies <\/em><br>For Op\u00e9ra : <em>http:\/\/help.opera.com\/Windows\/10.20\/fr\/cookies.html<\/em><\/p>\n\n\n\n<p class=\"\"><strong>\u2013 Opt-out links for audience measurement cookies (statistics) <\/strong><br>For cookies set by Google Analytics : <em>https:\/\/support.google.com\/analytics\/answer\/181881<\/em><\/p>\n\n\n\n<p class=\"\"><strong>\u2013 Opt-out links for sharing cookies <\/strong><br>For cookies set by Facebook : <em>https:\/\/fr-fr.facebook.com\/help\/cookies <\/em><br>For cookies set by Twitter : <em>https:\/\/support.twitter.com\/articles\/20170518-utilisation-des-cookies-etdes-technologies-similaires-par-twitter<\/em> <br>For more information on cookies, you can visit the CNIL website at this address : <em>https:\/\/www.cnil.fr\/vos-droits\/vos-traces\/les-cookies\/<\/em><\/p>\n\n\n\n<h2 class=\"c-heading wp-block-heading is-style-normal  \" style=\"text-transform:uppercase\">Update of the data protection policy<\/h2>\n\n\n\n<p class=\"\">Our privacy policy may be modified or amended at any time. In the event of a change, the new privacy policy will be notified at the time of login to the application.<\/p>\n","protected":false},"excerpt":{"rendered":"<p>Habefast Group S\u00e0rl is concerned about the protection and confidentiality of personal data and is committed to ensuring the highest level of protection for your personal data in accordance with the current regulations on the protection of personal data (nLPD).&hellip;<\/p>\n","protected":false},"author":1,"featured_media":0,"parent":0,"menu_order":0,"comment_status":"open","ping_status":"open","template":"","meta":{"_acf_changed":false,"_habefastfse_class":"","footnotes":""},"class_list":["post-384","page","type-page","status-publish","hentry"],"acf":[],"yoast_head":"<!-- This site is optimized with the Yoast SEO plugin v27.3 - https:\/\/yoast.com\/product\/yoast-seo-wordpress\/ -->\n<title>Privacy policy, wellness magazine | Feel-Well<\/title>\n<meta name=\"description\" content=\"Fell-Well is concerned about the protection and confidentiality of personal data and is committed to ensuring the highest level of protection for your personal data.\" \/>\n<meta name=\"robots\" content=\"noindex, nofollow\" \/>\n<meta property=\"og:locale\" content=\"en_US\" \/>\n<meta property=\"og:type\" content=\"article\" \/>\n<meta property=\"og:title\" content=\"Privacy policy, wellness magazine | Feel-Well\" \/>\n<meta property=\"og:description\" content=\"Fell-Well is concerned about the protection and confidentiality of personal data and is committed to ensuring the highest level of protection for your personal data.\" \/>\n<meta property=\"og:url\" content=\"https:\/\/feel-well.ch\/en\/personal-data-protection-policy\/\" \/>\n<meta property=\"og:site_name\" content=\"Feel Well\" \/>\n<meta property=\"article:modified_time\" content=\"2024-02-09T07:33:29+00:00\" \/>\n<meta name=\"twitter:card\" content=\"summary_large_image\" \/>\n<meta name=\"twitter:label1\" content=\"Est. reading time\" \/>\n\t<meta name=\"twitter:data1\" content=\"8 minutes\" \/>\n<script type=\"application\/ld+json\" class=\"yoast-schema-graph\">{\"@context\":\"https:\\\/\\\/schema.org\",\"@graph\":[{\"@type\":\"WebPage\",\"@id\":\"https:\\\/\\\/feel-well.ch\\\/en\\\/personal-data-protection-policy\\\/\",\"url\":\"https:\\\/\\\/feel-well.ch\\\/en\\\/personal-data-protection-policy\\\/\",\"name\":\"Privacy policy, wellness magazine | Feel-Well\",\"isPartOf\":{\"@id\":\"https:\\\/\\\/feel-well.ch\\\/en\\\/#website\"},\"datePublished\":\"2023-05-08T13:53:05+00:00\",\"dateModified\":\"2024-02-09T07:33:29+00:00\",\"description\":\"Fell-Well is concerned about the protection and confidentiality of personal data and is committed to ensuring the highest level of protection for your personal data.\",\"breadcrumb\":{\"@id\":\"https:\\\/\\\/feel-well.ch\\\/en\\\/personal-data-protection-policy\\\/#breadcrumb\"},\"inLanguage\":\"en-US\",\"potentialAction\":[{\"@type\":\"ReadAction\",\"target\":[\"https:\\\/\\\/feel-well.ch\\\/en\\\/personal-data-protection-policy\\\/\"]}]},{\"@type\":\"BreadcrumbList\",\"@id\":\"https:\\\/\\\/feel-well.ch\\\/en\\\/personal-data-protection-policy\\\/#breadcrumb\",\"itemListElement\":[{\"@type\":\"ListItem\",\"position\":1,\"name\":\"Accueil\",\"item\":\"https:\\\/\\\/feel-well.ch\\\/en\\\/\"},{\"@type\":\"ListItem\",\"position\":2,\"name\":\"Personal data protection policy\"}]},{\"@type\":\"WebSite\",\"@id\":\"https:\\\/\\\/feel-well.ch\\\/en\\\/#website\",\"url\":\"https:\\\/\\\/feel-well.ch\\\/en\\\/\",\"name\":\"Feel Well\",\"description\":\"\",\"potentialAction\":[{\"@type\":\"SearchAction\",\"target\":{\"@type\":\"EntryPoint\",\"urlTemplate\":\"https:\\\/\\\/feel-well.ch\\\/en\\\/?s={search_term_string}\"},\"query-input\":{\"@type\":\"PropertyValueSpecification\",\"valueRequired\":true,\"valueName\":\"search_term_string\"}}],\"inLanguage\":\"en-US\"}]}<\/script>\n<!-- \/ Yoast SEO plugin. -->","yoast_head_json":{"title":"Privacy policy, wellness magazine | Feel-Well","description":"Fell-Well is concerned about the protection and confidentiality of personal data and is committed to ensuring the highest level of protection for your personal data.","robots":{"index":"noindex","follow":"nofollow"},"og_locale":"en_US","og_type":"article","og_title":"Privacy policy, wellness magazine | Feel-Well","og_description":"Fell-Well is concerned about the protection and confidentiality of personal data and is committed to ensuring the highest level of protection for your personal data.","og_url":"https:\/\/feel-well.ch\/en\/personal-data-protection-policy\/","og_site_name":"Feel Well","article_modified_time":"2024-02-09T07:33:29+00:00","twitter_card":"summary_large_image","twitter_misc":{"Est. reading time":"8 minutes"},"schema":{"@context":"https:\/\/schema.org","@graph":[{"@type":"WebPage","@id":"https:\/\/feel-well.ch\/en\/personal-data-protection-policy\/","url":"https:\/\/feel-well.ch\/en\/personal-data-protection-policy\/","name":"Privacy policy, wellness magazine | Feel-Well","isPartOf":{"@id":"https:\/\/feel-well.ch\/en\/#website"},"datePublished":"2023-05-08T13:53:05+00:00","dateModified":"2024-02-09T07:33:29+00:00","description":"Fell-Well is concerned about the protection and confidentiality of personal data and is committed to ensuring the highest level of protection for your personal data.","breadcrumb":{"@id":"https:\/\/feel-well.ch\/en\/personal-data-protection-policy\/#breadcrumb"},"inLanguage":"en-US","potentialAction":[{"@type":"ReadAction","target":["https:\/\/feel-well.ch\/en\/personal-data-protection-policy\/"]}]},{"@type":"BreadcrumbList","@id":"https:\/\/feel-well.ch\/en\/personal-data-protection-policy\/#breadcrumb","itemListElement":[{"@type":"ListItem","position":1,"name":"Accueil","item":"https:\/\/feel-well.ch\/en\/"},{"@type":"ListItem","position":2,"name":"Personal data protection policy"}]},{"@type":"WebSite","@id":"https:\/\/feel-well.ch\/en\/#website","url":"https:\/\/feel-well.ch\/en\/","name":"Feel Well","description":"","potentialAction":[{"@type":"SearchAction","target":{"@type":"EntryPoint","urlTemplate":"https:\/\/feel-well.ch\/en\/?s={search_term_string}"},"query-input":{"@type":"PropertyValueSpecification","valueRequired":true,"valueName":"search_term_string"}}],"inLanguage":"en-US"}]}},"_links":{"self":[{"href":"https:\/\/feel-well.ch\/en\/wp-json\/wp\/v2\/pages\/384","targetHints":{"allow":["GET"]}}],"collection":[{"href":"https:\/\/feel-well.ch\/en\/wp-json\/wp\/v2\/pages"}],"about":[{"href":"https:\/\/feel-well.ch\/en\/wp-json\/wp\/v2\/types\/page"}],"author":[{"embeddable":true,"href":"https:\/\/feel-well.ch\/en\/wp-json\/wp\/v2\/users\/1"}],"replies":[{"embeddable":true,"href":"https:\/\/feel-well.ch\/en\/wp-json\/wp\/v2\/comments?post=384"}],"version-history":[{"count":1,"href":"https:\/\/feel-well.ch\/en\/wp-json\/wp\/v2\/pages\/384\/revisions"}],"predecessor-version":[{"id":2029,"href":"https:\/\/feel-well.ch\/en\/wp-json\/wp\/v2\/pages\/384\/revisions\/2029"}],"wp:attachment":[{"href":"https:\/\/feel-well.ch\/en\/wp-json\/wp\/v2\/media?parent=384"}],"curies":[{"name":"wp","href":"https:\/\/api.w.org\/{rel}","templated":true}]}}