{"id":2891,"date":"2023-04-18T18:00:50","date_gmt":"2023-04-18T16:00:50","guid":{"rendered":"https:\/\/feel-well.ch\/partenariats\/"},"modified":"2024-04-27T23:55:03","modified_gmt":"2024-04-27T21:55:03","slug":"partenariati","status":"publish","type":"page","link":"https:\/\/feel-well.ch\/it\/partenariati\/","title":{"rendered":"Partenariati"},"content":{"rendered":"\n<figure class=\"wp-block-image size-full  \"><img loading=\"lazy\" decoding=\"async\" width=\"2060\" height=\"570\" src=\"https:\/\/feel-well.ch\/wp-content\/uploads\/2023\/05\/feel-well-partenariats-bandeau@2x.jpg\" alt=\"Feel Well Partenariats Bandeau\" class=\"wp-image-155\" srcset=\"https:\/\/feel-well.ch\/wp-content\/uploads\/2023\/05\/feel-well-partenariats-bandeau@2x.jpg 2060w, https:\/\/feel-well.ch\/wp-content\/uploads\/2023\/05\/feel-well-partenariats-bandeau@2x-300x83.jpg 300w, https:\/\/feel-well.ch\/wp-content\/uploads\/2023\/05\/feel-well-partenariats-bandeau@2x-1024x283.jpg 1024w, https:\/\/feel-well.ch\/wp-content\/uploads\/2023\/05\/feel-well-partenariats-bandeau@2x-768x213.jpg 768w, https:\/\/feel-well.ch\/wp-content\/uploads\/2023\/05\/feel-well-partenariats-bandeau@2x-1536x425.jpg 1536w, https:\/\/feel-well.ch\/wp-content\/uploads\/2023\/05\/feel-well-partenariats-bandeau@2x-2048x567.jpg 2048w, https:\/\/feel-well.ch\/wp-content\/uploads\/2023\/05\/feel-well-partenariats-bandeau@2x-1648x456.jpg 1648w\" sizes=\"(max-width: 2060px) 100vw, 2060px\" \/><\/figure>\n\n\n\n<h2 class=\"wp-block-heading c-heading is-style-normal  \">Volete approfittare di una pubblicazione sulla nostra piattaforma per ottenere visibilit\u00e0 presso un pubblico mirato al benessere?<\/h2>\n\n\n\n<p class=\"\">La pubblicit\u00e0 altamente mirata diventer\u00e0 sempre pi\u00f9 complessa nei prossimi anni a causa della nuova legislazione sulla protezione dei dati e delle politiche degli utenti sui cookie. La nostra piattaforma vi offre quindi un&#8217;opportunit\u00e0 unica per raggiungere un pubblico di persone interessate al benessere.<\/p>\n\n\n\n<p class=\"\">Fatevi conoscere dal nostro pubblico attraverso articoli sul vostro marchio, campagne pubblicitarie, reportage video, la nostra directory o presentando i vostri prodotti.<\/p>\n\n\n\n<p class=\"\"><strong><em>Per ulteriori informazioni, contattateci utilizzando il modulo sottostante.<\/em><\/strong><\/p>\n\n\n\n<div class=\"wp-block-contact-form-7-contact-form-selector  \">\n<div class=\"wpcf7 no-js\" id=\"wpcf7-f2420-o1\" lang=\"fr-FR\" dir=\"ltr\" data-wpcf7-id=\"2420\">\n<div class=\"screen-reader-response\"><p role=\"status\" aria-live=\"polite\" aria-atomic=\"true\"><\/p> <ul><\/ul><\/div>\n<form action=\"\/it\/wp-json\/wp\/v2\/pages\/2891#wpcf7-f2420-o1\" method=\"post\" class=\"wpcf7-form init\" aria-label=\"Formulaire de contact\" novalidate=\"novalidate\" data-status=\"init\">\n<fieldset class=\"hidden-fields-container\"><input type=\"hidden\" name=\"_wpcf7\" value=\"2420\" \/><input type=\"hidden\" name=\"_wpcf7_version\" value=\"6.1.5\" \/><input type=\"hidden\" name=\"_wpcf7_locale\" value=\"fr_FR\" \/><input type=\"hidden\" name=\"_wpcf7_unit_tag\" value=\"wpcf7-f2420-o1\" \/><input type=\"hidden\" name=\"_wpcf7_container_post\" value=\"0\" \/><input type=\"hidden\" name=\"_wpcf7_posted_data_hash\" value=\"\" \/><input type=\"hidden\" name=\"_wpcf7_recaptcha_response\" value=\"\" \/><input type=\"hidden\" name=\"_hf_wp_captcha\" value=\"\" \/>\n<\/fieldset>\n<p><span class=\"wpcf7-form-control-wrap\" data-name=\"your-name\"><input size=\"40\" maxlength=\"400\" class=\"wpcf7-form-control wpcf7-text wpcf7-validates-as-required\" autocomplete=\"name\" aria-required=\"true\" aria-invalid=\"false\" placeholder=\"Azienda*\" value=\"\" type=\"text\" name=\"your-name\" \/><\/span>\n<\/p>\n<div class=\"is-layout-flex flex\">\n\t<div>\n\t\t<p><span class=\"wpcf7-form-control-wrap\" data-name=\"your-email\"><input size=\"40\" maxlength=\"400\" class=\"wpcf7-form-control wpcf7-email wpcf7-validates-as-required wpcf7-text wpcf7-validates-as-email\" aria-required=\"true\" aria-invalid=\"false\" placeholder=\"Email*\" value=\"\" type=\"email\" name=\"your-email\" \/><\/span>\n\t\t<\/p>\n\t<\/div>\n\t<div>\n\t\t<p><span class=\"wpcf7-form-control-wrap\" data-name=\"your-phone\"><input size=\"40\" maxlength=\"400\" class=\"wpcf7-form-control wpcf7-tel wpcf7-validates-as-required wpcf7-text wpcf7-validates-as-tel\" aria-required=\"true\" aria-invalid=\"false\" placeholder=\"Telefono*\" value=\"\" type=\"tel\" name=\"your-phone\" \/><\/span>\n\t\t<\/p>\n\t<\/div>\n<\/div>\n<p><span class=\"wpcf7-form-control-wrap\" data-name=\"your-message\"><textarea cols=\"40\" rows=\"5\" maxlength=\"2000\" class=\"wpcf7-form-control wpcf7-textarea\" aria-invalid=\"false\" placeholder=\"Messaggio\" name=\"your-message\"><\/textarea><\/span>\n<\/p>\n<p><span class=\"wpcf7-form-control-wrap\" data-name=\"accept-new-post\"><span class=\"wpcf7-form-control wpcf7-checkbox\"><span class=\"wpcf7-list-item first last\"><label><input type=\"checkbox\" name=\"accept-new-post[]\" value=\"Accetto di ricevere offerte dai partner di Feel Well.\" \/><span class=\"wpcf7-list-item-label\">Accetto di ricevere offerte dai partner di Feel Well.<\/span><\/label><\/span><\/span><\/span>\n<\/p>\n<div class=\"has-text-align-right\">\n\t<p><input class=\"wpcf7-form-control wpcf7-submit has-spinner\" type=\"submit\" value=\"Inviare\" \/>\n\t<\/p>\n<\/div><div class=\"wpcf7-response-output\" aria-hidden=\"true\"><\/div>\n<\/form>\n<\/div>\n<\/div>\n","protected":false},"excerpt":{"rendered":"<p>Volete approfittare di una pubblicazione sulla nostra piattaforma per ottenere visibilit\u00e0 presso un pubblico mirato al benessere? La pubblicit\u00e0 altamente mirata diventer\u00e0 sempre pi\u00f9 complessa nei prossimi anni a causa della nuova legislazione sulla protezione dei dati e delle politiche&hellip;<\/p>\n","protected":false},"author":1,"featured_media":0,"parent":0,"menu_order":0,"comment_status":"open","ping_status":"open","template":"","meta":{"_acf_changed":false,"_habefastfse_class":"","footnotes":""},"class_list":["post-2891","page","type-page","status-publish","hentry"],"acf":[],"yoast_head":"<!-- This site is optimized with the Yoast SEO plugin v27.3 - https:\/\/yoast.com\/product\/yoast-seo-wordpress\/ -->\n<title>Partnership, ottenere maggiore visibilit\u00e0 | Feel-Well<\/title>\n<meta name=\"description\" content=\"Partnership - Volete approfittare di una pubblicazione sulla nostra piattaforma per ottenere visibilit\u00e0 presso un pubblico mirato al benessere?\" \/>\n<meta name=\"robots\" content=\"index, follow, max-snippet:-1, max-image-preview:large, max-video-preview:-1\" \/>\n<link rel=\"canonical\" href=\"https:\/\/feel-well.ch\/it\/partenariati\/\" \/>\n<meta property=\"og:locale\" content=\"it_IT\" \/>\n<meta property=\"og:type\" content=\"article\" \/>\n<meta property=\"og:title\" content=\"Partnership, ottenere maggiore visibilit\u00e0 | Feel-Well\" \/>\n<meta property=\"og:description\" content=\"Partnership - Volete approfittare di una pubblicazione sulla nostra piattaforma per ottenere visibilit\u00e0 presso un pubblico mirato al benessere?\" \/>\n<meta property=\"og:url\" content=\"https:\/\/feel-well.ch\/it\/partenariati\/\" \/>\n<meta property=\"og:site_name\" content=\"Feel Well\" \/>\n<meta property=\"article:modified_time\" content=\"2024-04-27T21:55:03+00:00\" \/>\n<meta property=\"og:image\" content=\"https:\/\/feel-well.ch\/wp-content\/uploads\/2023\/05\/feel-well-partenariats-bandeau@2x.jpg\" \/>\n<meta name=\"twitter:card\" content=\"summary_large_image\" \/>\n<meta name=\"twitter:label1\" content=\"Tempo di lettura stimato\" \/>\n\t<meta name=\"twitter:data1\" content=\"1 minuto\" \/>\n<script type=\"application\/ld+json\" class=\"yoast-schema-graph\">{\"@context\":\"https:\\\/\\\/schema.org\",\"@graph\":[{\"@type\":\"WebPage\",\"@id\":\"https:\\\/\\\/feel-well.ch\\\/it\\\/partenariati\\\/\",\"url\":\"https:\\\/\\\/feel-well.ch\\\/it\\\/partenariati\\\/\",\"name\":\"Partnership, ottenere maggiore visibilit\u00e0 | Feel-Well\",\"isPartOf\":{\"@id\":\"https:\\\/\\\/feel-well.ch\\\/it\\\/#website\"},\"primaryImageOfPage\":{\"@id\":\"https:\\\/\\\/feel-well.ch\\\/it\\\/partenariati\\\/#primaryimage\"},\"image\":{\"@id\":\"https:\\\/\\\/feel-well.ch\\\/it\\\/partenariati\\\/#primaryimage\"},\"thumbnailUrl\":\"https:\\\/\\\/feel-well.ch\\\/wp-content\\\/uploads\\\/2023\\\/05\\\/feel-well-partenariats-bandeau@2x.jpg\",\"datePublished\":\"2023-04-18T16:00:50+00:00\",\"dateModified\":\"2024-04-27T21:55:03+00:00\",\"description\":\"Partnership - Volete approfittare di una pubblicazione sulla nostra piattaforma per ottenere visibilit\u00e0 presso un pubblico mirato al benessere?\",\"breadcrumb\":{\"@id\":\"https:\\\/\\\/feel-well.ch\\\/it\\\/partenariati\\\/#breadcrumb\"},\"inLanguage\":\"it-IT\",\"potentialAction\":[{\"@type\":\"ReadAction\",\"target\":[\"https:\\\/\\\/feel-well.ch\\\/it\\\/partenariati\\\/\"]}]},{\"@type\":\"ImageObject\",\"inLanguage\":\"it-IT\",\"@id\":\"https:\\\/\\\/feel-well.ch\\\/it\\\/partenariati\\\/#primaryimage\",\"url\":\"https:\\\/\\\/feel-well.ch\\\/wp-content\\\/uploads\\\/2023\\\/05\\\/feel-well-partenariats-bandeau@2x.jpg\",\"contentUrl\":\"https:\\\/\\\/feel-well.ch\\\/wp-content\\\/uploads\\\/2023\\\/05\\\/feel-well-partenariats-bandeau@2x.jpg\"},{\"@type\":\"BreadcrumbList\",\"@id\":\"https:\\\/\\\/feel-well.ch\\\/it\\\/partenariati\\\/#breadcrumb\",\"itemListElement\":[{\"@type\":\"ListItem\",\"position\":1,\"name\":\"Accueil\",\"item\":\"https:\\\/\\\/feel-well.ch\\\/it\\\/\"},{\"@type\":\"ListItem\",\"position\":2,\"name\":\"Partenariati\"}]},{\"@type\":\"WebSite\",\"@id\":\"https:\\\/\\\/feel-well.ch\\\/it\\\/#website\",\"url\":\"https:\\\/\\\/feel-well.ch\\\/it\\\/\",\"name\":\"Feel Well\",\"description\":\"\",\"potentialAction\":[{\"@type\":\"SearchAction\",\"target\":{\"@type\":\"EntryPoint\",\"urlTemplate\":\"https:\\\/\\\/feel-well.ch\\\/it\\\/?s={search_term_string}\"},\"query-input\":{\"@type\":\"PropertyValueSpecification\",\"valueRequired\":true,\"valueName\":\"search_term_string\"}}],\"inLanguage\":\"it-IT\"}]}<\/script>\n<!-- \/ Yoast SEO plugin. -->","yoast_head_json":{"title":"Partnership, ottenere maggiore visibilit\u00e0 | Feel-Well","description":"Partnership - Volete approfittare di una pubblicazione sulla nostra piattaforma per ottenere visibilit\u00e0 presso un pubblico mirato al benessere?","robots":{"index":"index","follow":"follow","max-snippet":"max-snippet:-1","max-image-preview":"max-image-preview:large","max-video-preview":"max-video-preview:-1"},"canonical":"https:\/\/feel-well.ch\/it\/partenariati\/","og_locale":"it_IT","og_type":"article","og_title":"Partnership, ottenere maggiore visibilit\u00e0 | Feel-Well","og_description":"Partnership - Volete approfittare di una pubblicazione sulla nostra piattaforma per ottenere visibilit\u00e0 presso un pubblico mirato al benessere?","og_url":"https:\/\/feel-well.ch\/it\/partenariati\/","og_site_name":"Feel Well","article_modified_time":"2024-04-27T21:55:03+00:00","og_image":[{"url":"https:\/\/feel-well.ch\/wp-content\/uploads\/2023\/05\/feel-well-partenariats-bandeau@2x.jpg","type":"","width":"","height":""}],"twitter_card":"summary_large_image","twitter_misc":{"Tempo di lettura stimato":"1 minuto"},"schema":{"@context":"https:\/\/schema.org","@graph":[{"@type":"WebPage","@id":"https:\/\/feel-well.ch\/it\/partenariati\/","url":"https:\/\/feel-well.ch\/it\/partenariati\/","name":"Partnership, ottenere maggiore visibilit\u00e0 | Feel-Well","isPartOf":{"@id":"https:\/\/feel-well.ch\/it\/#website"},"primaryImageOfPage":{"@id":"https:\/\/feel-well.ch\/it\/partenariati\/#primaryimage"},"image":{"@id":"https:\/\/feel-well.ch\/it\/partenariati\/#primaryimage"},"thumbnailUrl":"https:\/\/feel-well.ch\/wp-content\/uploads\/2023\/05\/feel-well-partenariats-bandeau@2x.jpg","datePublished":"2023-04-18T16:00:50+00:00","dateModified":"2024-04-27T21:55:03+00:00","description":"Partnership - Volete approfittare di una pubblicazione sulla nostra piattaforma per ottenere visibilit\u00e0 presso un pubblico mirato al benessere?","breadcrumb":{"@id":"https:\/\/feel-well.ch\/it\/partenariati\/#breadcrumb"},"inLanguage":"it-IT","potentialAction":[{"@type":"ReadAction","target":["https:\/\/feel-well.ch\/it\/partenariati\/"]}]},{"@type":"ImageObject","inLanguage":"it-IT","@id":"https:\/\/feel-well.ch\/it\/partenariati\/#primaryimage","url":"https:\/\/feel-well.ch\/wp-content\/uploads\/2023\/05\/feel-well-partenariats-bandeau@2x.jpg","contentUrl":"https:\/\/feel-well.ch\/wp-content\/uploads\/2023\/05\/feel-well-partenariats-bandeau@2x.jpg"},{"@type":"BreadcrumbList","@id":"https:\/\/feel-well.ch\/it\/partenariati\/#breadcrumb","itemListElement":[{"@type":"ListItem","position":1,"name":"Accueil","item":"https:\/\/feel-well.ch\/it\/"},{"@type":"ListItem","position":2,"name":"Partenariati"}]},{"@type":"WebSite","@id":"https:\/\/feel-well.ch\/it\/#website","url":"https:\/\/feel-well.ch\/it\/","name":"Feel Well","description":"","potentialAction":[{"@type":"SearchAction","target":{"@type":"EntryPoint","urlTemplate":"https:\/\/feel-well.ch\/it\/?s={search_term_string}"},"query-input":{"@type":"PropertyValueSpecification","valueRequired":true,"valueName":"search_term_string"}}],"inLanguage":"it-IT"}]}},"_links":{"self":[{"href":"https:\/\/feel-well.ch\/it\/wp-json\/wp\/v2\/pages\/2891","targetHints":{"allow":["GET"]}}],"collection":[{"href":"https:\/\/feel-well.ch\/it\/wp-json\/wp\/v2\/pages"}],"about":[{"href":"https:\/\/feel-well.ch\/it\/wp-json\/wp\/v2\/types\/page"}],"author":[{"embeddable":true,"href":"https:\/\/feel-well.ch\/it\/wp-json\/wp\/v2\/users\/1"}],"replies":[{"embeddable":true,"href":"https:\/\/feel-well.ch\/it\/wp-json\/wp\/v2\/comments?post=2891"}],"version-history":[{"count":1,"href":"https:\/\/feel-well.ch\/it\/wp-json\/wp\/v2\/pages\/2891\/revisions"}],"predecessor-version":[{"id":2908,"href":"https:\/\/feel-well.ch\/it\/wp-json\/wp\/v2\/pages\/2891\/revisions\/2908"}],"wp:attachment":[{"href":"https:\/\/feel-well.ch\/it\/wp-json\/wp\/v2\/media?parent=2891"}],"curies":[{"name":"wp","href":"https:\/\/api.w.org\/{rel}","templated":true}]}}