{"id":2917,"date":"2023-05-08T15:52:33","date_gmt":"2023-05-08T13:52:33","guid":{"rendered":"https:\/\/feel-well.ch\/informazioni-legali\/"},"modified":"2024-04-27T23:56:45","modified_gmt":"2024-04-27T21:56:45","slug":"informazioni-legali","status":"publish","type":"page","link":"https:\/\/feel-well.ch\/it\/informazioni-legali\/","title":{"rendered":"Informazioni legali"},"content":{"rendered":"\n<h2 class=\"c-heading wp-block-heading is-style-normal  \" style=\"text-transform:uppercase\">Editore<\/h2>\n\n<p class=\"\" style=\"font-size:clamp(14px, 0.875rem + ((1vw - 3.2px) * 0.313), 18px);\"><strong>Habefast Group S\u00e0rl<\/strong><\/p>\n\n<p class=\"\">Societ\u00e0 a responsabilit\u00e0 limitata con capitale di CHF 50.000, con sede legale in Route de Champ-Colin 18, 1260 Nyon, Svizzera. Registrato presso l&#8217;Ufficio Federale del Registro Commerciale con il numero CH-550-1217815-3\/ UID: CHE-381.609.407<\/p>\n\n<p class=\"\">Responsabile della pubblicazione: Boris Alonso<\/p>\n\n<h2 class=\"c-heading wp-block-heading is-style-normal  \" style=\"text-transform:uppercase\">Ospite<\/h2>\n\n<p class=\"\">Rete Infomaniak SA<\/p>\n\n<h2 class=\"c-heading wp-block-heading is-style-normal  \" style=\"text-transform:uppercase\">Sito web realizzato da<\/h2>\n\n<p class=\"\">Habefast Group S\u00e0rl, Route de Champ Colin 18, 1260 NYON<\/p>\n\n<h2 class=\"c-heading wp-block-heading is-style-normal  \" style=\"text-transform:uppercase\">Contenuto del sito<\/h2>\n\n<p class=\"\">Tutti i marchi, le fotografie, i testi, i commenti, le illustrazioni, le immagini (animate o meno), le sequenze video, i suoni, nonch\u00e9 tutte le applicazioni informatiche che possono essere utilizzate per il funzionamento di questo sito e, pi\u00f9 in generale, tutti gli elementi riprodotti o utilizzati sul sito sono protetti dalle leggi vigenti sulla propriet\u00e0 intellettuale.<\/p>\n\n<p class=\"\">Sono di piena e completa propriet\u00e0 dell&#8217;editore o dei suoi partner. \u00c8 severamente vietata la riproduzione, la presentazione, l&#8217;uso o l&#8217;adattamento, in qualsiasi forma, di tutti o parte di questi elementi, comprese le applicazioni informatiche, senza il preventivo consenso scritto dell&#8217;editore. Il fatto che l&#8217;editore non avvii un procedimento non appena viene a conoscenza di tale uso non autorizzato non implica l&#8217;accettazione di tale uso e la rinuncia ad azioni legali.<\/p>\n\n<p class=\"\">L&#8217;intero contenuto di questo sito non pu\u00f2 essere utilizzato e\/o riprodotto in qualsiasi forma o con qualsiasi mezzo senza il preventivo consenso scritto. I loghi e i marchi presenti su questo sito sono protetti e non possono essere riprodotti o utilizzati senza autorizzazione.<\/p>\n\n<p class=\"\">I collegamenti ipertestuali a questo sito possono essere creati solo con il preventivo consenso scritto dell&#8217;Editore, che non si assume alcuna responsabilit\u00e0 per il contenuto dei siti collegati a questo sito.<\/p>\n\n<h2 class=\"c-heading wp-block-heading is-style-normal  \" style=\"text-transform:uppercase\">dati personali<\/h2>\n\n<p class=\"\">Hai il diritto di accedere, rettificare e cancellare i dati relativi alle tue informazioni personali. Puoi esercitare questo diritto inviandoci una lettera al seguente indirizzo: <strong>\n  <em>info@habefast.ch<\/em>\n<\/strong><\/p>\n\n<h2 class=\"c-heading wp-block-heading is-style-normal  \" style=\"text-transform:uppercase\">propriet\u00e0 intellettuale<\/h2>\n\n<p class=\"\">L&#8217;intero contenuto di questo sito \u00e8 di propriet\u00e0 dell&#8217;Editore e non pu\u00f2 essere utilizzato e\/o riprodotto in alcuna forma o con alcun mezzo senza il preventivo consenso scritto dell&#8217;Editore. I loghi e i marchi presenti su questo sito sono protetti e non possono essere riprodotti o utilizzati senza autorizzazione.<\/p>\n\n<p class=\"\">I collegamenti ipertestuali a questo sito possono essere creati solo con il preventivo consenso scritto dell&#8217;Editore, che non si assume alcuna responsabilit\u00e0 per il contenuto dei siti collegati a questo sito.<\/p>\n\n<h2 class=\"c-heading wp-block-heading is-style-normal  \" style=\"text-transform:uppercase\">Biscotti<\/h2>\n\n<p class=\"\">L&#8217;editore si riserva il diritto di inviare cookie al computer dell&#8217;utente al momento della connessione. I cookie sono file utilizzati per registrare informazioni sulla navigazione del computer sul sito. I visitatori possono rifiutare di accettare i cookie configurando il proprio computer di conseguenza.<\/p>\n\n<h2 class=\"c-heading wp-block-heading is-style-normal  \" style=\"text-transform:uppercase\">Responsabilit\u00e0<\/h2>\n\n<p class=\"\">Habefast Group S\u00e0rl declina ogni responsabilit\u00e0 per l&#8217;uso che pu\u00f2 essere fatto delle informazioni pubblicate sul suo sito. Il contenuto del sito pu\u00f2 contenere imprecisioni tecniche, errori tipografici o omissioni. Questo contenuto pu\u00f2 essere modificato o aggiornato senza preavviso. Eventuali link ipertestuali presenti sul sito web di Habefast Group S\u00e0rl che indirizzano gli utenti verso altri siti web non impegnano la responsabilit\u00e0 di Habefast Group S\u00e0rl per il contenuto di altri siti. Habefast Group S\u00e0rl non potr\u00e0 essere ritenuta responsabile per qualsiasi danno diretto o indiretto derivante o consecutivo alla diffusione da parte di terzi di un virus attraverso il nostro sito e suscettibile di infettare il sistema informatico o la configurazione informatica del computer dell&#8217;utente a seguito della connessione, dell&#8217;utilizzo, della navigazione o del download da questo sito.<\/p>\n\n<p class=\"\">L&#8217;editore non potr\u00e0 essere ritenuto responsabile in caso di guasti, rotture, difficolt\u00e0 o interruzioni di funzionamento che impediscano l&#8217;accesso al sito o a una qualsiasi delle sue funzioni.<\/p>\n\n<p class=\"\">L&#8217;utente \u00e8 responsabile dell&#8217;attrezzatura che utilizza per connettersi al sito. Devi adottare tutte le misure appropriate per proteggere le tue apparecchiature e i tuoi dati, in particolare da attacchi virali via Internet. L&#8217;utente \u00e8 l&#8217;unico responsabile dei siti e dei dati che consulta.<\/p>\n\n<p class=\"\">L&#8217;editore non pu\u00f2 essere ritenuto responsabile di eventuali azioni legali intraprese nei tuoi confronti:  <\/p>\n\n<ul class=\"c-list is-style-normal wp-block-list\">\n<li class=\"\">come conseguenza dell&#8217;utilizzo del sito o di qualsiasi servizio accessibile via Internet<\/li>\n\n\n\n<li class=\"\">a seguito della mancata osservanza di questa informativa legale da parte dell&#8217;utente.<\/li>\n<\/ul>\n\n<p class=\"\">L&#8217;editore non \u00e8 responsabile di eventuali danni causati all&#8217;utente, a terzi e\/o alle sue apparecchiature in seguito alla connessione o all&#8217;utilizzo del sito e l&#8217;utente rinuncia a qualsiasi rivendicazione nei suoi confronti.<\/p>\n\n<p class=\"\">Se l&#8217;editore diventa oggetto di procedimenti amichevoli o legali a seguito dell&#8217;utilizzo del sito da parte dell&#8217;utente, potr\u00e0 agire nei confronti dell&#8217;utente per ottenere il risarcimento di tutti i danni, le somme, le multe e i costi che potrebbero derivare da tali procedimenti.<\/p>\n\n<h2 class=\"c-heading wp-block-heading is-style-normal  \" style=\"text-transform:uppercase\">Fotografie e rappresentazione dei prodotti<\/h2>\n\n<p class=\"\">Le fotografie dei prodotti, che accompagnano la loro descrizione, non sono contrattuali e non impegnano l&#8217;editore.<\/p>\n\n<h2 class=\"c-heading wp-block-heading is-style-normal  \" style=\"text-transform:uppercase\">Legge applicabile<\/h2>\n\n<p class=\"\">Il presente avviso legale \u00e8 disciplinato dalla legge svizzera ed \u00e8 soggetto alla giurisdizione dei tribunali svizzeri.<\/p>\n","protected":false},"excerpt":{"rendered":"<p>Editore Habefast Group S\u00e0rl Societ\u00e0 a responsabilit\u00e0 limitata con capitale di CHF 50.000, con sede legale in Route de Champ-Colin 18, 1260 Nyon, Svizzera. Registrato presso l&#8217;Ufficio Federale del Registro Commerciale con il numero CH-550-1217815-3\/ UID: CHE-381.609.407 Responsabile della pubblicazione:&hellip;<\/p>\n","protected":false},"author":1,"featured_media":0,"parent":0,"menu_order":0,"comment_status":"open","ping_status":"open","template":"","meta":{"_acf_changed":false,"_habefastfse_class":"","footnotes":""},"class_list":["post-2917","page","type-page","status-publish","hentry"],"acf":[],"yoast_head":"<!-- This site is optimized with the Yoast SEO plugin v27.3 - https:\/\/yoast.com\/product\/yoast-seo-wordpress\/ -->\n<title>Informazioni legali, la nostra rivista online | Feel-Well<\/title>\n<meta name=\"description\" content=\"Troverai tutte le note legali per Fell-Well, un sito web creato da Habefast Group S\u00e0rl, Route de Champ Colin 18, 1260 NYON.\" \/>\n<meta name=\"robots\" content=\"noindex, nofollow\" \/>\n<meta property=\"og:locale\" content=\"it_IT\" \/>\n<meta property=\"og:type\" content=\"article\" \/>\n<meta property=\"og:title\" content=\"Informazioni legali, la nostra rivista online | Feel-Well\" \/>\n<meta property=\"og:description\" content=\"Troverai tutte le note legali per Fell-Well, un sito web creato da Habefast Group S\u00e0rl, Route de Champ Colin 18, 1260 NYON.\" \/>\n<meta property=\"og:url\" content=\"https:\/\/feel-well.ch\/it\/informazioni-legali\/\" \/>\n<meta property=\"og:site_name\" content=\"Feel Well\" \/>\n<meta property=\"article:modified_time\" content=\"2024-04-27T21:56:45+00:00\" \/>\n<meta name=\"twitter:card\" content=\"summary_large_image\" \/>\n<meta name=\"twitter:label1\" content=\"Tempo di lettura stimato\" \/>\n\t<meta name=\"twitter:data1\" content=\"4 minuti\" \/>\n<script type=\"application\/ld+json\" class=\"yoast-schema-graph\">{\"@context\":\"https:\\\/\\\/schema.org\",\"@graph\":[{\"@type\":\"WebPage\",\"@id\":\"https:\\\/\\\/feel-well.ch\\\/it\\\/informazioni-legali\\\/\",\"url\":\"https:\\\/\\\/feel-well.ch\\\/it\\\/informazioni-legali\\\/\",\"name\":\"Informazioni legali, la nostra rivista online | Feel-Well\",\"isPartOf\":{\"@id\":\"https:\\\/\\\/feel-well.ch\\\/it\\\/#website\"},\"datePublished\":\"2023-05-08T13:52:33+00:00\",\"dateModified\":\"2024-04-27T21:56:45+00:00\",\"description\":\"Troverai tutte le note legali per Fell-Well, un sito web creato da Habefast Group S\u00e0rl, Route de Champ Colin 18, 1260 NYON.\",\"breadcrumb\":{\"@id\":\"https:\\\/\\\/feel-well.ch\\\/it\\\/informazioni-legali\\\/#breadcrumb\"},\"inLanguage\":\"it-IT\",\"potentialAction\":[{\"@type\":\"ReadAction\",\"target\":[\"https:\\\/\\\/feel-well.ch\\\/it\\\/informazioni-legali\\\/\"]}]},{\"@type\":\"BreadcrumbList\",\"@id\":\"https:\\\/\\\/feel-well.ch\\\/it\\\/informazioni-legali\\\/#breadcrumb\",\"itemListElement\":[{\"@type\":\"ListItem\",\"position\":1,\"name\":\"Accueil\",\"item\":\"https:\\\/\\\/feel-well.ch\\\/it\\\/\"},{\"@type\":\"ListItem\",\"position\":2,\"name\":\"Informazioni legali\"}]},{\"@type\":\"WebSite\",\"@id\":\"https:\\\/\\\/feel-well.ch\\\/it\\\/#website\",\"url\":\"https:\\\/\\\/feel-well.ch\\\/it\\\/\",\"name\":\"Feel Well\",\"description\":\"\",\"potentialAction\":[{\"@type\":\"SearchAction\",\"target\":{\"@type\":\"EntryPoint\",\"urlTemplate\":\"https:\\\/\\\/feel-well.ch\\\/it\\\/?s={search_term_string}\"},\"query-input\":{\"@type\":\"PropertyValueSpecification\",\"valueRequired\":true,\"valueName\":\"search_term_string\"}}],\"inLanguage\":\"it-IT\"}]}<\/script>\n<!-- \/ Yoast SEO plugin. -->","yoast_head_json":{"title":"Informazioni legali, la nostra rivista online | Feel-Well","description":"Troverai tutte le note legali per Fell-Well, un sito web creato da Habefast Group S\u00e0rl, Route de Champ Colin 18, 1260 NYON.","robots":{"index":"noindex","follow":"nofollow"},"og_locale":"it_IT","og_type":"article","og_title":"Informazioni legali, la nostra rivista online | Feel-Well","og_description":"Troverai tutte le note legali per Fell-Well, un sito web creato da Habefast Group S\u00e0rl, Route de Champ Colin 18, 1260 NYON.","og_url":"https:\/\/feel-well.ch\/it\/informazioni-legali\/","og_site_name":"Feel Well","article_modified_time":"2024-04-27T21:56:45+00:00","twitter_card":"summary_large_image","twitter_misc":{"Tempo di lettura stimato":"4 minuti"},"schema":{"@context":"https:\/\/schema.org","@graph":[{"@type":"WebPage","@id":"https:\/\/feel-well.ch\/it\/informazioni-legali\/","url":"https:\/\/feel-well.ch\/it\/informazioni-legali\/","name":"Informazioni legali, la nostra rivista online | Feel-Well","isPartOf":{"@id":"https:\/\/feel-well.ch\/it\/#website"},"datePublished":"2023-05-08T13:52:33+00:00","dateModified":"2024-04-27T21:56:45+00:00","description":"Troverai tutte le note legali per Fell-Well, un sito web creato da Habefast Group S\u00e0rl, Route de Champ Colin 18, 1260 NYON.","breadcrumb":{"@id":"https:\/\/feel-well.ch\/it\/informazioni-legali\/#breadcrumb"},"inLanguage":"it-IT","potentialAction":[{"@type":"ReadAction","target":["https:\/\/feel-well.ch\/it\/informazioni-legali\/"]}]},{"@type":"BreadcrumbList","@id":"https:\/\/feel-well.ch\/it\/informazioni-legali\/#breadcrumb","itemListElement":[{"@type":"ListItem","position":1,"name":"Accueil","item":"https:\/\/feel-well.ch\/it\/"},{"@type":"ListItem","position":2,"name":"Informazioni legali"}]},{"@type":"WebSite","@id":"https:\/\/feel-well.ch\/it\/#website","url":"https:\/\/feel-well.ch\/it\/","name":"Feel Well","description":"","potentialAction":[{"@type":"SearchAction","target":{"@type":"EntryPoint","urlTemplate":"https:\/\/feel-well.ch\/it\/?s={search_term_string}"},"query-input":{"@type":"PropertyValueSpecification","valueRequired":true,"valueName":"search_term_string"}}],"inLanguage":"it-IT"}]}},"_links":{"self":[{"href":"https:\/\/feel-well.ch\/it\/wp-json\/wp\/v2\/pages\/2917","targetHints":{"allow":["GET"]}}],"collection":[{"href":"https:\/\/feel-well.ch\/it\/wp-json\/wp\/v2\/pages"}],"about":[{"href":"https:\/\/feel-well.ch\/it\/wp-json\/wp\/v2\/types\/page"}],"author":[{"embeddable":true,"href":"https:\/\/feel-well.ch\/it\/wp-json\/wp\/v2\/users\/1"}],"replies":[{"embeddable":true,"href":"https:\/\/feel-well.ch\/it\/wp-json\/wp\/v2\/comments?post=2917"}],"version-history":[{"count":1,"href":"https:\/\/feel-well.ch\/it\/wp-json\/wp\/v2\/pages\/2917\/revisions"}],"predecessor-version":[{"id":2918,"href":"https:\/\/feel-well.ch\/it\/wp-json\/wp\/v2\/pages\/2917\/revisions\/2918"}],"wp:attachment":[{"href":"https:\/\/feel-well.ch\/it\/wp-json\/wp\/v2\/media?parent=2917"}],"curies":[{"name":"wp","href":"https:\/\/api.w.org\/{rel}","templated":true}]}}